{"id":5,"date":"2016-10-23T20:31:39","date_gmt":"2016-10-23T20:31:39","guid":{"rendered":"https:\/\/makethingshappentoday.com\/?page_id=5"},"modified":"2025-03-01T08:21:24","modified_gmt":"2025-03-01T08:21:24","slug":"blog","status":"publish","type":"page","link":"https:\/\/makethingshappentoday.com\/de\/blog\/","title":{"rendered":"Blog"},"content":{"rendered":"<p class=\"wp-block-paragraph\"><strong>Psychologie, Coaching und Pers\u00f6nlichkeitsentwicklung \u2013 Entdecke die F\u00fclle des Lebens<\/strong><\/p>\n\n\n\n<p class=\"wp-block-paragraph\">Hallo, ich bin Roksana! Als Psychologe, Coach und Mentor schaffe ich diesen Ort f\u00fcr diejenigen, die ihr Selbstbewusstsein entwickeln, sich um ihre geistige Gesundheit k\u00fcmmern und ein zufriedenstellendes Leben aufbauen m\u00f6chten.<\/p>\n\n\n\n<p class=\"wp-block-paragraph\">Auf dem Blog finden Sie Inhalte zu den Themen Psychologie, Emotionsarbeit, Beziehungen und Pers\u00f6nlichkeitsentwicklung im weitesten Sinne. Ich teile Wissen, praktische Tipps und \u00dcberlegungen, die Ihnen helfen k\u00f6nnen, sich selbst und andere besser zu verstehen.<\/p>\n\n\n\n<p class=\"wp-block-paragraph\">Da ich auch Mutter bin, diskutiere ich Themen rund um die Eltern-Kind-Beziehung, bewusste Erziehung und den Aufbau tiefer Bindungen zu Kindern. Ich bin davon \u00fcberzeugt, dass pers\u00f6nliches Wachstum und Selbsterkenntnis sowohl f\u00fcr die Beziehung zu sich selbst als auch f\u00fcr die Rolle als unterst\u00fctzender Elternteil von entscheidender Bedeutung sind.<\/p>\n\n\n\n<p class=\"wp-block-paragraph\">Mein Blog ist in drei Sprachbereiche unterteilt, in denen Sie Beitr\u00e4ge in verschiedenen Sprachen finden:<\/p>\n\n\n\n<ul class=\"wp-block-list\">\n<li>COACHING ROOM \u2013 PL \u2013 Beitr\u00e4ge auf Polnisch,<\/li>\n\n\n\n<li>COACHING ZIMMER \u2013 DE \u2013 Beitr\u00e4ge in deutscher Sprache,<\/li>\n\n\n\n<li>COACHING ROOM \u2013 EN \u2013 Beitr\u00e4ge auf Englisch.<\/li>\n<\/ul>\n\n\n\n<p class=\"wp-block-paragraph\">Am h\u00e4ufigsten ver\u00f6ffentliche ich auf Polnisch, aber wenn Sie an Inhalten in anderen Sprachen interessiert sind, schauen Sie im entsprechenden Abschnitt nach.<\/p>\n\n\n\n<p class=\"wp-block-paragraph\">Auf dem Blog finden Sie auch Inhalte zu den Themen Coaching, Affirmationen und wie Sie positive Ver\u00e4nderungen in Ihrem Leben bewirken k\u00f6nnen. Es ist ein Ort voller Inspiration, Unterst\u00fctzung und praktischer Werkzeuge f\u00fcr die Arbeit an sich selbst und Ihren Beziehungen.<\/p>\n\n\n\n<p class=\"wp-block-paragraph\">Ich lade Sie zum Lesen, Nachdenken und Reden ein. Wenn Sie eine Frage oder ein Thema haben, das Sie interessiert, schreiben Sie mir!<\/p>\n\n\n\n<figure class=\"wp-block-image size-large\"><img data-recalc-dims=\"1\" loading=\"lazy\" decoding=\"async\" width=\"620\" height=\"414\" data-attachment-id=\"4903\" data-permalink=\"https:\/\/makethingshappentoday.com\/de\/blog\/iw8a4930-2\/#main\" data-orig-file=\"https:\/\/i0.wp.com\/makethingshappentoday.com\/wp-content\/uploads\/2025\/03\/IW8A4930.jpg?fit=4963%2C3309&amp;ssl=1\" data-orig-size=\"4963,3309\" data-comments-opened=\"1\" data-image-meta=\"{&quot;aperture&quot;:&quot;0&quot;,&quot;credit&quot;:&quot;&quot;,&quot;camera&quot;:&quot;&quot;,&quot;caption&quot;:&quot;&quot;,&quot;created_timestamp&quot;:&quot;1723118082&quot;,&quot;copyright&quot;:&quot;&quot;,&quot;focal_length&quot;:&quot;0&quot;,&quot;iso&quot;:&quot;0&quot;,&quot;shutter_speed&quot;:&quot;0&quot;,&quot;title&quot;:&quot;&quot;,&quot;orientation&quot;:&quot;0&quot;}\" data-image-title=\"IW8A4930\" data-image-description=\"\" data-image-caption=\"\" data-large-file=\"https:\/\/i0.wp.com\/makethingshappentoday.com\/wp-content\/uploads\/2025\/03\/IW8A4930.jpg?fit=620%2C414&amp;ssl=1\" src=\"https:\/\/i0.wp.com\/makethingshappentoday.com\/wp-content\/uploads\/2025\/03\/IW8A4930.jpg?resize=620%2C414&#038;ssl=1\" alt=\"\" class=\"wp-image-4903\" srcset=\"https:\/\/i0.wp.com\/makethingshappentoday.com\/wp-content\/uploads\/2025\/03\/IW8A4930.jpg?resize=1024%2C683&amp;ssl=1 1024w, https:\/\/i0.wp.com\/makethingshappentoday.com\/wp-content\/uploads\/2025\/03\/IW8A4930.jpg?resize=300%2C200&amp;ssl=1 300w, https:\/\/i0.wp.com\/makethingshappentoday.com\/wp-content\/uploads\/2025\/03\/IW8A4930.jpg?resize=768%2C512&amp;ssl=1 768w, https:\/\/i0.wp.com\/makethingshappentoday.com\/wp-content\/uploads\/2025\/03\/IW8A4930.jpg?resize=1536%2C1024&amp;ssl=1 1536w, https:\/\/i0.wp.com\/makethingshappentoday.com\/wp-content\/uploads\/2025\/03\/IW8A4930.jpg?resize=2048%2C1365&amp;ssl=1 2048w, https:\/\/i0.wp.com\/makethingshappentoday.com\/wp-content\/uploads\/2025\/03\/IW8A4930.jpg?resize=1200%2C800&amp;ssl=1 1200w, https:\/\/i0.wp.com\/makethingshappentoday.com\/wp-content\/uploads\/2025\/03\/IW8A4930.jpg?resize=570%2C380&amp;ssl=1 570w, https:\/\/i0.wp.com\/makethingshappentoday.com\/wp-content\/uploads\/2025\/03\/IW8A4930.jpg?w=1860&amp;ssl=1 1860w\" sizes=\"auto, (max-width: 620px) 100vw, 620px\" \/><\/figure>","protected":false},"excerpt":{"rendered":"<p>This is just a short excerpt about your blog.<\/p>","protected":false},"author":112134480,"featured_media":0,"parent":0,"menu_order":3,"comment_status":"closed","ping_status":"closed","template":"","meta":{"_coblocks_attr":"Faustina,","_coblocks_dimensions":"","_coblocks_responsive_height":"","_coblocks_accordion_ie_support":"","_crdt_document":"","footnotes":""},"class_list":["post-5","page","type-page","status-publish","hentry","without-featured-image"],"jetpack_likes_enabled":null,"jetpack_sharing_enabled":false,"jetpack_shortlink":"https:\/\/wp.me\/P82olW-5","jetpack-related-posts":[{"id":5637,"url":"https:\/\/makethingshappentoday.com\/de\/webinary-psychologiczne\/","url_meta":{"origin":5,"position":0},"title":"Webinary &#8211; psychologia, komunikacja, rozw\u00f3j i wsparcie","author":"Make Things Happen Today","date":"27\/05\/2025","format":false,"excerpt":"Na tej stronie znajdziesz aktualne webinary psychologiczne, kt\u00f3re poruszaj\u0105 tematy komunikacji, rozwoju osobistego i wsparcia emocjonalnego. Wszystkie wydarzenia prowadz\u0119 osobi\u015bcie Roksana Maria Weber \u2013 psycholog, psychoterapeutka w trakcie szkolenia CBT, life coach i mentor. Webinary psychologiczne prowadzone na \u017cywo! Webinary maj\u0105 form\u0119 spotka\u0144 na \u017cywo, podczas kt\u00f3rych uczestnicy zyskuj\u0105 konkretn\u0105\u2026","rel":"","context":"\u00c4hnlicher Beitrag","block_context":{"text":"\u00c4hnlicher Beitrag","link":""},"img":{"alt_text":"","src":"https:\/\/i0.wp.com\/makethingshappentoday.com\/wp-content\/uploads\/2026\/03\/Spotkanie-online-geri-.png?resize=350%2C200&ssl=1","width":350,"height":200,"srcset":"https:\/\/i0.wp.com\/makethingshappentoday.com\/wp-content\/uploads\/2026\/03\/Spotkanie-online-geri-.png?resize=350%2C200&ssl=1 1x, https:\/\/i0.wp.com\/makethingshappentoday.com\/wp-content\/uploads\/2026\/03\/Spotkanie-online-geri-.png?resize=525%2C300&ssl=1 1.5x, https:\/\/i0.wp.com\/makethingshappentoday.com\/wp-content\/uploads\/2026\/03\/Spotkanie-online-geri-.png?resize=700%2C400&ssl=1 2x"},"classes":[]},{"id":1687,"url":"https:\/\/makethingshappentoday.com\/de\/__trashed-4\/","url_meta":{"origin":5,"position":1},"title":"O mnie","author":"Make Things Happen Today","date":"01\/03\/2025","format":false,"excerpt":"Psycholog i\u00a0pasjonat komunikacji mi\u0119dzykulturowej, life coach i mentor, a w kr\u00f3tce ju\u017c\u00a0psychoterapeuta poznawczo-behawioralny\ud83e\udec0\ud83d\ude0a\ud83e\udde0,\u00a0czynny zawodowo w jednej z najbardziej przyjaznych pacjentom brandenburskich klinik oraz wielki fan odkrywczych podr\u00f3\u017cy ma\u0142ych i du\u017cych, a przede wszystkim MAMA uroczego\u00a0ch\u0142opca \ud83e\udd31\ud83d\udc95 i \u017cywy dow\u00f3d na to, \u017ce w \u017cyciu mo\u017cna robi\u0107 to na co ma\u2026","rel":"","context":"\u00c4hnlicher Beitrag","block_context":{"text":"\u00c4hnlicher Beitrag","link":""},"img":{"alt_text":"","src":"https:\/\/i0.wp.com\/makethingshappentoday.com\/wp-content\/uploads\/2024\/06\/img_9222-1.jpg?resize=350%2C200","width":350,"height":200,"srcset":"https:\/\/i0.wp.com\/makethingshappentoday.com\/wp-content\/uploads\/2024\/06\/img_9222-1.jpg?resize=350%2C200 1x, https:\/\/i0.wp.com\/makethingshappentoday.com\/wp-content\/uploads\/2024\/06\/img_9222-1.jpg?resize=525%2C300 1.5x, https:\/\/i0.wp.com\/makethingshappentoday.com\/wp-content\/uploads\/2024\/06\/img_9222-1.jpg?resize=700%2C400 2x, https:\/\/i0.wp.com\/makethingshappentoday.com\/wp-content\/uploads\/2024\/06\/img_9222-1.jpg?resize=1050%2C600 3x"},"classes":[]},{"id":1715,"url":"https:\/\/makethingshappentoday.com\/de\/o-mnie\/","url_meta":{"origin":5,"position":2},"title":"O mnie","author":"Make Things Happen Today","date":"25\/05\/2018","format":false,"excerpt":"Psycholog i\u00a0pasjonat komunikacji mi\u0119dzykulturowej, life coach i mentor, a w kr\u00f3tce ju\u017c\u00a0psychoterapeuta poznawczo-behawioralny\ud83e\udec0\ud83d\ude0a\ud83e\udde0,\u00a0czynny zawodowo w jednej z najbardziej przyjaznych pacjentom brandenburskich klinik oraz wielki fan odkrywczych podr\u00f3\u017cy ma\u0142ych i du\u017cych, a przede wszystkim MAMA uroczego\u00a0ch\u0142opca \ud83e\udd31\ud83d\udc95 i \u017cywy dow\u00f3d na to, \u017ce w \u017cyciu mo\u017cna robi\u0107 to na co ma\u2026","rel":"","context":"\u00c4hnlicher Beitrag","block_context":{"text":"\u00c4hnlicher Beitrag","link":""},"img":{"alt_text":"","src":"https:\/\/i0.wp.com\/makethingshappentoday.com\/wp-content\/uploads\/2018\/05\/scan0002.jpg?resize=350%2C200","width":350,"height":200,"srcset":"https:\/\/i0.wp.com\/makethingshappentoday.com\/wp-content\/uploads\/2018\/05\/scan0002.jpg?resize=350%2C200 1x, https:\/\/i0.wp.com\/makethingshappentoday.com\/wp-content\/uploads\/2018\/05\/scan0002.jpg?resize=525%2C300 1.5x, https:\/\/i0.wp.com\/makethingshappentoday.com\/wp-content\/uploads\/2018\/05\/scan0002.jpg?resize=700%2C400 2x, https:\/\/i0.wp.com\/makethingshappentoday.com\/wp-content\/uploads\/2018\/05\/scan0002.jpg?resize=1050%2C600 3x, https:\/\/i0.wp.com\/makethingshappentoday.com\/wp-content\/uploads\/2018\/05\/scan0002.jpg?resize=1400%2C800 4x"},"classes":[]},{"id":5220,"url":"https:\/\/makethingshappentoday.com\/de\/o-mnie-2\/o-mnie-3\/","url_meta":{"origin":5,"position":3},"title":"O mnie","author":"Make Things Happen Today","date":"25\/03\/2025","format":false,"excerpt":"Psycholog i\u00a0pasjonat komunikacji mi\u0119dzykulturowej, life coach i mentor, a w kr\u00f3tce ju\u017c\u00a0psychoterapeuta poznawczo-behawioralny\ud83e\udec0\ud83d\ude0a\ud83e\udde0,\u00a0czynny zawodowo w jednej z najbardziej przyjaznych pacjentom brandenburskich klinik oraz wielki fan odkrywczych podr\u00f3\u017cy ma\u0142ych i du\u017cych, a przede wszystkim MAMA uroczego\u00a0ch\u0142opca \ud83e\udd31\ud83d\udc95 i \u017cywy dow\u00f3d na to, \u017ce w \u017cyciu mo\u017cna robi\u0107 to na co ma\u2026","rel":"","context":"\u00c4hnlicher Beitrag","block_context":{"text":"\u00c4hnlicher Beitrag","link":""},"img":{"alt_text":"","src":"https:\/\/i0.wp.com\/makethingshappentoday.com\/wp-content\/uploads\/2024\/06\/img_9224-1.jpg?resize=350%2C200","width":350,"height":200,"srcset":"https:\/\/i0.wp.com\/makethingshappentoday.com\/wp-content\/uploads\/2024\/06\/img_9224-1.jpg?resize=350%2C200 1x, https:\/\/i0.wp.com\/makethingshappentoday.com\/wp-content\/uploads\/2024\/06\/img_9224-1.jpg?resize=525%2C300 1.5x, https:\/\/i0.wp.com\/makethingshappentoday.com\/wp-content\/uploads\/2024\/06\/img_9224-1.jpg?resize=700%2C400 2x, https:\/\/i0.wp.com\/makethingshappentoday.com\/wp-content\/uploads\/2024\/06\/img_9224-1.jpg?resize=1050%2C600 3x"},"classes":[]},{"id":1673,"url":"https:\/\/makethingshappentoday.com\/de\/o-mnie-2\/","url_meta":{"origin":5,"position":4},"title":"O mnie","author":"Make Things Happen Today","date":"24\/05\/2018","format":false,"excerpt":"Psycholog i\u00a0pasjonat komunikacji mi\u0119dzykulturowej, life coach i mentor, a w kr\u00f3tce ju\u017c\u00a0psychoterapeuta poznawczo-behawioralny\ud83e\udec0\ud83d\ude0a\ud83e\udde0,\u00a0prowadz\u0105ca w\u0142asn\u0105 praktyk\u0119 psychologiczn\u0105 i coachingow\u0105 na pograniczu polsko-niemieckim oraz wielki fan odkrywczych podr\u00f3\u017cy ma\u0142ych i du\u017cych, a przede wszystkim MAMA uroczego\u00a0ch\u0142opca \ud83e\udd31\ud83d\udc95 i \u017cywy dow\u00f3d na to, \u017ce w \u017cyciu mo\u017cna robi\u0107 to na co ma si\u0119\u2026","rel":"","context":"\u00c4hnlicher Beitrag","block_context":{"text":"\u00c4hnlicher Beitrag","link":""},"img":{"alt_text":"","src":"https:\/\/i0.wp.com\/makethingshappentoday.com\/wp-content\/uploads\/2016\/10\/cropped-img_6431-2.jpg?fit=1200%2C698&ssl=1&resize=350%2C200","width":350,"height":200,"srcset":"https:\/\/i0.wp.com\/makethingshappentoday.com\/wp-content\/uploads\/2016\/10\/cropped-img_6431-2.jpg?fit=1200%2C698&ssl=1&resize=350%2C200 1x, https:\/\/i0.wp.com\/makethingshappentoday.com\/wp-content\/uploads\/2016\/10\/cropped-img_6431-2.jpg?fit=1200%2C698&ssl=1&resize=525%2C300 1.5x, https:\/\/i0.wp.com\/makethingshappentoday.com\/wp-content\/uploads\/2016\/10\/cropped-img_6431-2.jpg?fit=1200%2C698&ssl=1&resize=700%2C400 2x, https:\/\/i0.wp.com\/makethingshappentoday.com\/wp-content\/uploads\/2016\/10\/cropped-img_6431-2.jpg?fit=1200%2C698&ssl=1&resize=1050%2C600 3x"},"classes":[]},{"id":3885,"url":"https:\/\/makethingshappentoday.com\/de\/cennik\/","url_meta":{"origin":5,"position":5},"title":"Preise","author":"Make Things Happen Today","date":"28\/09\/2024","format":false,"excerpt":"Tutaj znajdziesz aktualny cennik konsultacji psychologiczno-coachingowych prowadzonych w j\u0119zyku polskim. Oferuj\u0119 zar\u00f3wno spotkania online, jak i sesje stacjonarne - Miejsce Terapii NEURO MIND w S\u0142ubicach. Indywidualna konsultacja psychologiczna\/ coachingowa (50 min) - 65 EUR \/ 250 PLN (dotyczy zar\u00f3wno pierwszej konsultacji, jak i kolejnych sesji) Konsultacja psychologiczna dla par (75\u2026","rel":"","context":"\u00c4hnlicher Beitrag","block_context":{"text":"\u00c4hnlicher Beitrag","link":""},"img":{"alt_text":"","src":"https:\/\/i0.wp.com\/makethingshappentoday.com\/wp-content\/uploads\/2021\/08\/cropped-image0.png?resize=350%2C200&ssl=1","width":350,"height":200},"classes":[]}],"_links":{"self":[{"href":"https:\/\/makethingshappentoday.com\/de\/wp-json\/wp\/v2\/pages\/5","targetHints":{"allow":["GET"]}}],"collection":[{"href":"https:\/\/makethingshappentoday.com\/de\/wp-json\/wp\/v2\/pages"}],"about":[{"href":"https:\/\/makethingshappentoday.com\/de\/wp-json\/wp\/v2\/types\/page"}],"author":[{"embeddable":true,"href":"https:\/\/makethingshappentoday.com\/de\/wp-json\/wp\/v2\/users\/112134480"}],"replies":[{"embeddable":true,"href":"https:\/\/makethingshappentoday.com\/de\/wp-json\/wp\/v2\/comments?post=5"}],"version-history":[{"count":15,"href":"https:\/\/makethingshappentoday.com\/de\/wp-json\/wp\/v2\/pages\/5\/revisions"}],"predecessor-version":[{"id":4904,"href":"https:\/\/makethingshappentoday.com\/de\/wp-json\/wp\/v2\/pages\/5\/revisions\/4904"}],"wp:attachment":[{"href":"https:\/\/makethingshappentoday.com\/de\/wp-json\/wp\/v2\/media?parent=5"}],"curies":[{"name":"wp","href":"https:\/\/api.w.org\/{rel}","templated":true}]}}