{"id":4956,"date":"2025-03-02T22:20:31","date_gmt":"2025-03-02T22:20:31","guid":{"rendered":"https:\/\/makethingshappentoday.com\/?page_id=4956"},"modified":"2025-03-02T22:45:13","modified_gmt":"2025-03-02T22:45:13","slug":"newsletter","status":"publish","type":"page","link":"https:\/\/makethingshappentoday.com\/de\/newsletter\/","title":{"rendered":"Newsletter"},"content":{"rendered":"<div class='fluentform ff-default fluentform_wrapper_3  ff_guten_block ff_guten_block-3 ffs_default_wrap'><form data-form_id=\"3\" id=\"fluentform_3\" class=\"frm-fluent-form fluent_form_3 ff-el-form-top ff_form_instance_3_1 ff-form-loading ffs_default\" data-form_instance=\"ff_form_instance_3_1\" method=\"POST\" ><fieldset  style=\"border: none!important;margin: 0!important;padding: 0!important;background-color: transparent!important;box-shadow: none!important;outline: none!important; min-inline-size: 100%;\">\n                    <legend class=\"ff_screen_reader_title\" style=\"display: block; margin: 0!important;padding: 0!important;height: 0!important;text-indent: -999999px;width: 0!important;overflow:hidden;\">Newsletter Form (#3)<\/legend><p style=\"display: none !important;\" class=\"akismet-fields-container\" data-prefix=\"ak_\"><label>&#916;<textarea name=\"ak_hp_textarea\" cols=\"45\" rows=\"8\" maxlength=\"100\"><\/textarea><\/label><input type=\"hidden\" id=\"ak_js_1\" name=\"ak_js\" value=\"129\"\/><script>document.getElementById( \"ak_js_1\" ).setAttribute( \"value\", ( new Date() ).getTime() );<\/script><\/p><input type='hidden' name='__fluent_form_embded_post_id' value='4956' \/><input type=\"hidden\" id=\"_fluentform_3_fluentformnonce\" name=\"_fluentform_3_fluentformnonce\" value=\"0deafaaf33\" \/><input type=\"hidden\" name=\"_wp_http_referer\" value=\"\/de\/wp-json\/wp\/v2\/pages\/4956\" \/><div class=\"ff-el-group ff-el-section-break  ff_left\" data-name=\"section_break-3_1\" ><h3 class='ff-el-section-title'><\/h3><div class='ff-section_break_desk'><h3 style=\"text-align: center\">Do\u0142\u0105cz do spo\u0142eczno\u015bci pe\u0142nej motywacji i rozwoju!\u00a0<\/h3>\n<p style=\"text-align: center\">\u1555( \u141b )\u1557 \ud83d\ude80\u2728<\/p>\n<p style=\"text-align: center\">Cze\u015b\u0107, jestem Roksana Weber. Chc\u0119 dzieli\u0107 si\u0119 z Tob\u0105 wiedz\u0105, kt\u00f3ra mo\u017ce odmieni\u0107 Twoje \u017cycie. Zapisz si\u0119 na m\u00f3j newsletter, aby otrzymywa\u0107 inspiruj\u0105ce \u0107wiczenia i praktyczne wskaz\u00f3wki psychologiczne<span style=\"color: #ff00ff\">*<\/span>!\u00a0<\/p>\n<p style=\"text-align: center\"><span style=\"color: #ff00ff\">*<\/span>Obiecuj\u0119 &#8211; zero spamu, tylko warto\u015bciowe tre\u015bci!<\/p><\/div><hr \/><\/div><div data-type=\"name-element\" data-name=\"names_1\" class=\" ff-field_container ff-name-field-wrapper\" ><div class='ff-t-container'><div class='ff-t-cell '><div class='ff-el-group ff-el-form-top'><div class=\"ff-el-input--label asterisk-right\"><label for='ff_3_names_1_first_name_' id='label_ff_3_names_1_first_name_' >Imi\u0119<\/label><\/div><div class='ff-el-input--content'><input type=\"text\" name=\"names_1[first_name]\" id=\"ff_3_names_1_first_name_\" class=\"ff-el-form-control\" placeholder=\"Wpisz swoje imi\u0119 \" aria-invalid=\"false\" aria-required=false><\/div><\/div><\/div><\/div><\/div><div class='ff-el-group ff-el-form-top'><div class=\"ff-el-input--label asterisk-right\"><label for='ff_3_email' id='label_ff_3_email' aria-label=\"Email\">Email<\/label><div class=\"ff-el-tooltip\" data-content=\"Sprawd\u017a swoj\u0105 skrzynk\u0119 e-mail (tak\u017ce folder spam) i potwierd\u017a zapis, aby rozpocz\u0105\u0107 swoj\u0105 podr\u00f3\u017c do pe\u0142niejszego \u017cycia! \"><svg width=\"16\" height=\"16\" viewBox=\"0 0 25 25\"><path d=\"m329 393l0-46c0-2-1-4-2-6-2-2-4-3-7-3l-27 0 0-146c0-3-1-5-3-7-2-1-4-2-7-2l-91 0c-3 0-5 1-7 2-1 2-2 4-2 7l0 46c0 2 1 5 2 6 2 2 4 3 7 3l27 0 0 91-27 0c-3 0-5 1-7 3-1 2-2 4-2 6l0 46c0 3 1 5 2 7 2 1 4 2 7 2l128 0c3 0 5-1 7-2 1-2 2-4 2-7z m-36-256l0-46c0-2-1-4-3-6-2-2-4-3-7-3l-54 0c-3 0-5 1-7 3-2 2-3 4-3 6l0 46c0 3 1 5 3 7 2 1 4 2 7 2l54 0c3 0 5-1 7-2 2-2 3-4 3-7z m182 119c0 40-9 77-29 110-20 34-46 60-80 80-33 20-70 29-110 29-40 0-77-9-110-29-34-20-60-46-80-80-20-33-29-70-29-110 0-40 9-77 29-110 20-34 46-60 80-80 33-20 70-29 110-29 40 0 77 9 110 29 34 20 60 46 80 80 20 33 29 70 29 110z\" transform=\"scale(0.046875 0.046875)\"><\/path><\/svg><\/div><\/div><div class='ff-el-input--content'><input type=\"email\" name=\"email\" id=\"ff_3_email\" class=\"ff-el-form-control\" data-name=\"email\"  aria-invalid=\"false\" aria-required=false><\/div><\/div><div class='ff-el-group ff-text-right ff_submit_btn_wrapper'><button type=\"submit\" class=\"ff-btn ff-btn-submit ff-btn-md ff_btn_style\"  aria-label=\"Tak, chc\u0119 do\u0142\u0105czy\u0107!\">Tak, chc\u0119 do\u0142\u0105czy\u0107! <\/button><\/div><\/fieldset><\/form><div id='fluentform_3_errors' class='ff-errors-in-stack ff_form_instance_3_1 ff-form-loading_errors ff_form_instance_3_1_errors'><\/div><\/div>            <script type=\"text\/javascript\">\n                window.fluent_form_ff_form_instance_3_1 = {\"id\":\"3\",\"ajaxUrl\":\"https:\\\/\\\/makethingshappentoday.com\\\/wp-admin\\\/admin-ajax.php\",\"settings\":{\"layout\":{\"labelPlacement\":\"top\",\"asteriskPlacement\":\"asterisk-right\",\"helpMessagePlacement\":\"with_label\",\"errorMessagePlacement\":\"inline\",\"cssClassName\":\"\"},\"restrictions\":{\"denyEmptySubmission\":{\"enabled\":false}}},\"form_instance\":\"ff_form_instance_3_1\",\"form_id_selector\":\"fluentform_3\",\"rules\":{\"names_1[first_name]\":{\"required\":{\"value\":false,\"message\":\"Dieses Feld ist erforderlich\",\"global_message\":\"This field is required\",\"global\":true}},\"names_1[middle_name]\":{\"required\":{\"value\":false,\"message\":\"Dieses Feld ist erforderlich\",\"global_message\":\"This field is required\",\"global\":true}},\"names_1[last_name]\":{\"required\":{\"value\":false,\"message\":\"Dieses Feld ist erforderlich\",\"global_message\":\"This field is required\",\"global\":true}},\"email\":{\"required\":{\"value\":false,\"message\":\"Dieses Feld ist erforderlich\",\"global\":true,\"global_message\":\"This field is required\"},\"email\":{\"value\":true,\"message\":\"Dieses Feld muss eine g\\u00fcltige E-Mail-Adresse enthalten\",\"global\":true,\"global_message\":\"This field must contain a valid email\"}}},\"debounce_time\":300};\n                            <\/script>\n            \n\n\n<figure class=\"wp-block-image size-full\"><img data-recalc-dims=\"1\" loading=\"lazy\" decoding=\"async\" width=\"620\" height=\"465\" data-attachment-id=\"4979\" data-permalink=\"https:\/\/makethingshappentoday.com\/de\/newsletter\/newsletter-ikonka-happy-nude-kolor\/#main\" data-orig-file=\"https:\/\/i0.wp.com\/makethingshappentoday.com\/wp-content\/uploads\/2025\/03\/newsletter-ikonka-happy-nude-kolor.png?fit=1024%2C768&amp;ssl=1\" data-orig-size=\"1024,768\" data-comments-opened=\"1\" data-image-meta=\"{&quot;aperture&quot;:&quot;0&quot;,&quot;credit&quot;:&quot;&quot;,&quot;camera&quot;:&quot;&quot;,&quot;caption&quot;:&quot;&quot;,&quot;created_timestamp&quot;:&quot;0&quot;,&quot;copyright&quot;:&quot;&quot;,&quot;focal_length&quot;:&quot;0&quot;,&quot;iso&quot;:&quot;0&quot;,&quot;shutter_speed&quot;:&quot;0&quot;,&quot;title&quot;:&quot;&quot;,&quot;orientation&quot;:&quot;0&quot;}\" data-image-title=\"newsletter-ikonka-happy-nude-kolor\" data-image-description=\"\" data-image-caption=\"\" data-large-file=\"https:\/\/i0.wp.com\/makethingshappentoday.com\/wp-content\/uploads\/2025\/03\/newsletter-ikonka-happy-nude-kolor.png?fit=620%2C465&amp;ssl=1\" src=\"https:\/\/i0.wp.com\/makethingshappentoday.com\/wp-content\/uploads\/2025\/03\/newsletter-ikonka-happy-nude-kolor.png?resize=620%2C465&#038;ssl=1\" alt=\"\" class=\"wp-image-4979\" srcset=\"https:\/\/i0.wp.com\/makethingshappentoday.com\/wp-content\/uploads\/2025\/03\/newsletter-ikonka-happy-nude-kolor.png?w=1024&amp;ssl=1 1024w, https:\/\/i0.wp.com\/makethingshappentoday.com\/wp-content\/uploads\/2025\/03\/newsletter-ikonka-happy-nude-kolor.png?resize=300%2C225&amp;ssl=1 300w, https:\/\/i0.wp.com\/makethingshappentoday.com\/wp-content\/uploads\/2025\/03\/newsletter-ikonka-happy-nude-kolor.png?resize=768%2C576&amp;ssl=1 768w, https:\/\/i0.wp.com\/makethingshappentoday.com\/wp-content\/uploads\/2025\/03\/newsletter-ikonka-happy-nude-kolor.png?resize=800%2C600&amp;ssl=1 800w, https:\/\/i0.wp.com\/makethingshappentoday.com\/wp-content\/uploads\/2025\/03\/newsletter-ikonka-happy-nude-kolor.png?resize=600%2C450&amp;ssl=1 600w, https:\/\/i0.wp.com\/makethingshappentoday.com\/wp-content\/uploads\/2025\/03\/newsletter-ikonka-happy-nude-kolor.png?resize=400%2C300&amp;ssl=1 400w, https:\/\/i0.wp.com\/makethingshappentoday.com\/wp-content\/uploads\/2025\/03\/newsletter-ikonka-happy-nude-kolor.png?resize=200%2C150&amp;ssl=1 200w, https:\/\/i0.wp.com\/makethingshappentoday.com\/wp-content\/uploads\/2025\/03\/newsletter-ikonka-happy-nude-kolor.png?resize=507%2C380&amp;ssl=1 507w\" sizes=\"auto, (max-width: 620px) 100vw, 620px\" \/><\/figure>\n\n\n\n<p class=\"has-text-align-center wp-block-paragraph\"><strong>Otw\u00f3rz swoj\u0105 skrzynk\u0119 na inspiracj<strong>\u0119<\/strong> i wiedz\u0119!<\/strong><\/p>\n\n\n\n<p class=\"wp-block-paragraph\"><\/p>\n","protected":false},"excerpt":{"rendered":"<p>Otw\u00f3rz swoj\u0105 skrzynk\u0119 na inspiracj\u0119 i wiedz\u0119!<\/p>","protected":false},"author":112134480,"featured_media":0,"parent":0,"menu_order":0,"comment_status":"closed","ping_status":"closed","template":"","meta":{"_coblocks_attr":"","_coblocks_dimensions":"","_coblocks_responsive_height":"","_coblocks_accordion_ie_support":"","_crdt_document":"","footnotes":""},"class_list":["post-4956","page","type-page","status-publish","hentry","without-featured-image"],"jetpack_likes_enabled":true,"jetpack_sharing_enabled":true,"jetpack_shortlink":"https:\/\/wp.me\/P82olW-1hW","jetpack-related-posts":[{"id":3883,"url":"https:\/\/makethingshappentoday.com\/de\/umow-sie-na-wizyte-psycholog-online\/","url_meta":{"origin":4956,"position":0},"title":"Jetzt Termin sichern","author":"Make Things Happen Today","date":"28\/09\/2024","format":false,"excerpt":"Um\u00f3w si\u0119 na wizyt\u0119 \u2013 szybko, bezpiecznie i z pe\u0142nym wsparciem. Ciesz\u0119 si\u0119, \u017ce tutaj jeste\u015b. Je\u015bli chcesz um\u00f3wi\u0107 si\u0119 na wizyt\u0119 i szukasz wsparcia psychologicznego, jeste\u015b we w\u0142a\u015bciwym miejscu. Prowadz\u0119 konsultacje psychologiczne online i stacjonarne. Pracuj\u0119 z mieszka\u0144cami Polski i Niemiec, a dzi\u0119ki spotkaniom online wspieram r\u00f3wnie\u017c osoby z\u2026","rel":"","context":"\u00c4hnlicher Beitrag","block_context":{"text":"\u00c4hnlicher Beitrag","link":""},"img":{"alt_text":"Um\u00f3w si\u0119 na wizyt\u0119 - Konsultacje psychologiczne online i stacjonarne \u2013 psycholog S\u0142ubice\/ Frankfurt Oder","src":"https:\/\/i0.wp.com\/makethingshappentoday.com\/wp-content\/uploads\/2025\/05\/psychologiczne-konsultacje-online-biala-kobieta.png?resize=350%2C200&ssl=1","width":350,"height":200,"srcset":"https:\/\/i0.wp.com\/makethingshappentoday.com\/wp-content\/uploads\/2025\/05\/psychologiczne-konsultacje-online-biala-kobieta.png?resize=350%2C200&ssl=1 1x, https:\/\/i0.wp.com\/makethingshappentoday.com\/wp-content\/uploads\/2025\/05\/psychologiczne-konsultacje-online-biala-kobieta.png?resize=525%2C300&ssl=1 1.5x, https:\/\/i0.wp.com\/makethingshappentoday.com\/wp-content\/uploads\/2025\/05\/psychologiczne-konsultacje-online-biala-kobieta.png?resize=700%2C400&ssl=1 2x"},"classes":[]},{"id":5,"url":"https:\/\/makethingshappentoday.com\/de\/blog\/","url_meta":{"origin":4956,"position":1},"title":"Blog","author":"Make Things Happen Today","date":"23\/10\/2016","format":false,"excerpt":"This is just a short excerpt about your blog.","rel":"","context":"\u00c4hnlicher Beitrag","block_context":{"text":"\u00c4hnlicher Beitrag","link":""},"img":{"alt_text":"","src":"https:\/\/i0.wp.com\/makethingshappentoday.com\/wp-content\/uploads\/2025\/03\/IW8A4930.jpg?resize=350%2C200&ssl=1","width":350,"height":200,"srcset":"https:\/\/i0.wp.com\/makethingshappentoday.com\/wp-content\/uploads\/2025\/03\/IW8A4930.jpg?resize=350%2C200&ssl=1 1x, https:\/\/i0.wp.com\/makethingshappentoday.com\/wp-content\/uploads\/2025\/03\/IW8A4930.jpg?resize=525%2C300&ssl=1 1.5x, https:\/\/i0.wp.com\/makethingshappentoday.com\/wp-content\/uploads\/2025\/03\/IW8A4930.jpg?resize=700%2C400&ssl=1 2x, https:\/\/i0.wp.com\/makethingshappentoday.com\/wp-content\/uploads\/2025\/03\/IW8A4930.jpg?resize=1050%2C600&ssl=1 3x, https:\/\/i0.wp.com\/makethingshappentoday.com\/wp-content\/uploads\/2025\/03\/IW8A4930.jpg?resize=1400%2C800&ssl=1 4x"},"classes":[]},{"id":4925,"url":"https:\/\/makethingshappentoday.com\/de\/polityka-prywatnosci\/","url_meta":{"origin":4956,"position":2},"title":"\ud83c\uddf5\ud83c\uddf1 Datenschutzrichtlinie","author":"Make Things Happen Today","date":"01\/03\/2025","format":false,"excerpt":"Ostatnia aktualizacja: 1.03.2025 Twoja prywatno\u015b\u0107 jest dla nas wa\u017cna. Niniejsza Polityka Prywatno\u015bci opisuje, jakie dane zbieramy, jak je przetwarzamy i przechowujemy, gdy odwiedzasz https:\/\/makethingshappentoday.com. 1. Kto jest administratorem Twoich danych? Administratorem danych jest: \ud83d\udccd Roksana M. Weber \ud83d\udce7 E-mail: weber.roksana@gmail.com \ud83d\udccd Adres: Dorfaue 13, 15738 Zeuthen, DE 2. Jakie dane\u2026","rel":"","context":"\u00c4hnlicher Beitrag","block_context":{"text":"\u00c4hnlicher Beitrag","link":""},"img":{"alt_text":"","src":"","width":0,"height":0},"classes":[]},{"id":5637,"url":"https:\/\/makethingshappentoday.com\/de\/webinary-psychologiczne\/","url_meta":{"origin":4956,"position":3},"title":"Webinary &#8211; psychologia, komunikacja, rozw\u00f3j i wsparcie","author":"Make Things Happen Today","date":"27\/05\/2025","format":false,"excerpt":"Na tej stronie znajdziesz aktualne webinary psychologiczne, kt\u00f3re poruszaj\u0105 tematy komunikacji, rozwoju osobistego i wsparcia emocjonalnego. Wszystkie wydarzenia prowadz\u0119 osobi\u015bcie Roksana Maria Weber \u2013 psycholog, psychoterapeutka w trakcie szkolenia CBT, life coach i mentor. Webinary psychologiczne prowadzone na \u017cywo! Webinary maj\u0105 form\u0119 spotka\u0144 na \u017cywo, podczas kt\u00f3rych uczestnicy zyskuj\u0105 konkretn\u0105\u2026","rel":"","context":"\u00c4hnlicher Beitrag","block_context":{"text":"\u00c4hnlicher Beitrag","link":""},"img":{"alt_text":"","src":"https:\/\/i0.wp.com\/makethingshappentoday.com\/wp-content\/uploads\/2026\/03\/Spotkanie-online-geri-.png?resize=350%2C200&ssl=1","width":350,"height":200,"srcset":"https:\/\/i0.wp.com\/makethingshappentoday.com\/wp-content\/uploads\/2026\/03\/Spotkanie-online-geri-.png?resize=350%2C200&ssl=1 1x, https:\/\/i0.wp.com\/makethingshappentoday.com\/wp-content\/uploads\/2026\/03\/Spotkanie-online-geri-.png?resize=525%2C300&ssl=1 1.5x, https:\/\/i0.wp.com\/makethingshappentoday.com\/wp-content\/uploads\/2026\/03\/Spotkanie-online-geri-.png?resize=700%2C400&ssl=1 2x"},"classes":[]},{"id":3917,"url":"https:\/\/makethingshappentoday.com\/de\/zasady-korzystania-z-wizyt-online\/","url_meta":{"origin":4956,"position":4},"title":"Regeln f\u00fcr die Nutzung von Online-Besuchen","author":"Make Things Happen Today","date":"29\/09\/2024","format":false,"excerpt":"Specjalistyczne wizyty psychologiczne czy coachingowe Online s\u0105 odpowiedzi\u0105 na potrzeby dzisiejszych czas\u00f3w oraz fenomenalnym, a niekiedy jedynym rozwi\u0105zaniem dla wielu potrzebujacych profesjonalnego wsparcia. To nowoczesna i elastyczna forma pomocy prowadzona w spos\u00f3b zdalny za pomoc\u0105 \u015brodk\u00f3w komunikacji elektronicznej (telefon, laptop, Google Meet, WhatsApp, ZOOM i inne) w odr\u00f3\u017cnieniu do tradycyjnej,\u2026","rel":"","context":"\u00c4hnlicher Beitrag","block_context":{"text":"\u00c4hnlicher Beitrag","link":""},"img":{"alt_text":"","src":"https:\/\/i0.wp.com\/makethingshappentoday.com\/wp-content\/uploads\/2024\/09\/iw8a4870-1-edited.jpg?resize=350%2C200&ssl=1","width":350,"height":200,"srcset":"https:\/\/i0.wp.com\/makethingshappentoday.com\/wp-content\/uploads\/2024\/09\/iw8a4870-1-edited.jpg?resize=350%2C200&ssl=1 1x, https:\/\/i0.wp.com\/makethingshappentoday.com\/wp-content\/uploads\/2024\/09\/iw8a4870-1-edited.jpg?resize=525%2C300&ssl=1 1.5x, https:\/\/i0.wp.com\/makethingshappentoday.com\/wp-content\/uploads\/2024\/09\/iw8a4870-1-edited.jpg?resize=700%2C400&ssl=1 2x, https:\/\/i0.wp.com\/makethingshappentoday.com\/wp-content\/uploads\/2024\/09\/iw8a4870-1-edited.jpg?resize=1050%2C600&ssl=1 3x, https:\/\/i0.wp.com\/makethingshappentoday.com\/wp-content\/uploads\/2024\/09\/iw8a4870-1-edited.jpg?resize=1400%2C800&ssl=1 4x"},"classes":[]},{"id":4928,"url":"https:\/\/makethingshappentoday.com\/de\/datenschutzrichtlinie\/","url_meta":{"origin":4956,"position":5},"title":"\ud83c\udde9\ud83c\uddea Datenschutzrichtlinie","author":"Make Things Happen Today","date":"01\/03\/2025","format":false,"excerpt":"Letzte Aktualisierung: 1.03.2025 Der Schutz Ihrer Daten ist uns wichtig. Diese Datenschutzerkl\u00e4rung erkl\u00e4rt, wie wir Ihre pers\u00f6nlichen Daten erfassen, verarbeiten und speichern, wenn Sie https:\/\/makethingshappentoday.com besuchen. 1. Wer ist f\u00fcr Ihre Daten verantwortlich? \ud83d\udccd Roksana M. Weber \ud83d\udce7 E-Mail: weber.roksana@gmail.com \ud83d\udccd Adresse: Dorfaue 13, 15738 Zeuthen , DE 2. Welche\u2026","rel":"","context":"\u00c4hnlicher Beitrag","block_context":{"text":"\u00c4hnlicher Beitrag","link":""},"img":{"alt_text":"","src":"","width":0,"height":0},"classes":[]}],"_links":{"self":[{"href":"https:\/\/makethingshappentoday.com\/de\/wp-json\/wp\/v2\/pages\/4956","targetHints":{"allow":["GET"]}}],"collection":[{"href":"https:\/\/makethingshappentoday.com\/de\/wp-json\/wp\/v2\/pages"}],"about":[{"href":"https:\/\/makethingshappentoday.com\/de\/wp-json\/wp\/v2\/types\/page"}],"author":[{"embeddable":true,"href":"https:\/\/makethingshappentoday.com\/de\/wp-json\/wp\/v2\/users\/112134480"}],"replies":[{"embeddable":true,"href":"https:\/\/makethingshappentoday.com\/de\/wp-json\/wp\/v2\/comments?post=4956"}],"version-history":[{"count":6,"href":"https:\/\/makethingshappentoday.com\/de\/wp-json\/wp\/v2\/pages\/4956\/revisions"}],"predecessor-version":[{"id":4985,"href":"https:\/\/makethingshappentoday.com\/de\/wp-json\/wp\/v2\/pages\/4956\/revisions\/4985"}],"wp:attachment":[{"href":"https:\/\/makethingshappentoday.com\/de\/wp-json\/wp\/v2\/media?parent=4956"}],"curies":[{"name":"wp","href":"https:\/\/api.w.org\/{rel}","templated":true}]}}