{"id":409,"date":"2017-03-11T06:54:38","date_gmt":"2017-03-11T06:54:38","guid":{"rendered":"https:\/\/makethingshappentoday.com\/?page_id=409"},"modified":"2025-08-21T07:27:29","modified_gmt":"2025-08-21T07:27:29","slug":"uber-mich","status":"publish","type":"page","link":"https:\/\/makethingshappentoday.com\/de\/o-mnie-2\/aboutme\/uber-mich-2\/uber-mich\/","title":{"rendered":"\u00dcBER DEM MICH"},"content":{"rendered":"<p>Hallo, mein Name ist Roksana.<\/p>\n<p>Ich bin Psychologin, Coach und Mentorin. Ich arbeite im Rahmen meiner eigenen freiberuflichen Praxis im deutsch-polnischen Grenzgebiet und begleite Menschen in einer grenz\u00fcberschreitenden Arbeit.\u00a0<em><span style=\"color: #404040;\"><span style=\"font-family: 'Times New Roman', serif;\"><span style=\"font-size: medium;\">\ud83e\udec0\ud83d\ude0a\ud83e\udde0<\/span><\/span><\/span><\/em><\/p>\n<p>Ich liebe es, Menschen in ihrer pers\u00f6nlichen Entwicklung zu begleiten \u2013 besonders in Momenten, in denen Ver\u00e4nderung, Heilung oder einfach mehr Klarheit gebraucht wird.<\/p>\n<p>Man kann mich online oder vor Ort auf der polnischen Seite der Oder \u2013 im Therapiezentrum NEURO MIND in S\u0142ubice \u2013 treffen.<span class=\"Apple-converted-space\">\u00a0<\/span>Beratungen biete ich auf Polnisch, Deutsch und Englisch an.<\/p>\n<p>Zurzeit befinde ich mich in der psychotherapeutischen Ausbildung im kognitiv-behavioralen Ansatz (CBT) in Berlin (BFA \u2013 Berliner FortbildungsAkademie) und absolviere parallel eine Spezialisierung in der klinischen Psychotherapie f\u00fcr Kinder und Jugendliche.<\/p>\n<p>Ich bin auch leidenschaftliche Entdeckerin, Globetrotterin und vor allem: stolze MAMA <em><span style=\"color: #404040;\"><span style=\"font-family: 'Times New Roman', serif;\"><span style=\"font-size: medium;\">\ud83e\udd31\ud83d\udc95\u00a0<\/span><\/span><\/span><\/em>ein wundervoller Sohnes. Ich glaube zutiefst, dass wir alle ein Leben f\u00fchren d\u00fcrfen, das uns wirklich entspricht \u2013 voller Sinn, Freude und innerer Freiheit.<em><span style=\"color: #404040;\"><span style=\"font-family: 'Times New Roman', serif;\"><span style=\"font-size: medium;\">\u00a0<\/span><\/span><\/span><\/em><\/p>\n<h6><img data-recalc-dims=\"1\" loading=\"lazy\" decoding=\"async\" data-attachment-id=\"2323\" data-permalink=\"https:\/\/makethingshappentoday.com\/de\/o-mnie-2\/aboutme\/uber-mich-2\/uber-mich\/9e77c25b-d918-4cf2-9236-d0f3a2232678-2\/#main\" data-orig-file=\"https:\/\/i0.wp.com\/makethingshappentoday.com\/wp-content\/uploads\/2020\/09\/9e77c25b-d918-4cf2-9236-d0f3a2232678-2.png?fit=1080%2C1080&amp;ssl=1\" data-orig-size=\"1080,1080\" data-comments-opened=\"1\" data-image-meta=\"{&quot;aperture&quot;:&quot;0&quot;,&quot;credit&quot;:&quot;&quot;,&quot;camera&quot;:&quot;&quot;,&quot;caption&quot;:&quot;&quot;,&quot;created_timestamp&quot;:&quot;0&quot;,&quot;copyright&quot;:&quot;&quot;,&quot;focal_length&quot;:&quot;0&quot;,&quot;iso&quot;:&quot;0&quot;,&quot;shutter_speed&quot;:&quot;0&quot;,&quot;title&quot;:&quot;&quot;,&quot;orientation&quot;:&quot;0&quot;}\" data-image-title=\"9e77c25b-d918-4cf2-9236-d0f3a2232678-2\" data-image-description=\"\" data-image-caption=\"\" data-large-file=\"https:\/\/i0.wp.com\/makethingshappentoday.com\/wp-content\/uploads\/2020\/09\/9e77c25b-d918-4cf2-9236-d0f3a2232678-2.png?fit=620%2C620&amp;ssl=1\" class=\"size-full wp-image-2323\" src=\"https:\/\/i0.wp.com\/makethingshappentoday.com\/wp-content\/uploads\/2020\/09\/9e77c25b-d918-4cf2-9236-d0f3a2232678-2.png?resize=620%2C620&#038;ssl=1\" width=\"620\" height=\"620\" \/><\/h6>\n<p><b>Meine Mission<\/b><\/p>\n<p>Ich m\u00f6chte mein Leben mit vollem Herzen leben \u2013 und andere darin best\u00e4rken, das ebenfalls zu tun.<\/p>\n<p>Ich wei\u00df, dass ich in meiner Arbeit richtig bin. One Tag wachse ich \u2013 als Psychologin, als Mutter, als Mensch.<\/p>\n<p>Ich begleite Menschen dabei, mehr Freude, innere St\u00e4rke und Selbstvertrauen zu finden \u2013 und sich selbst (wieder) zu entdecken.<\/p>\n<p>\u2e3b<\/p>\n<p><b>Meine Absicht<\/b><\/p>\n<p>Ich m\u00f6chte dich dabei unterst\u00fctzen, dein Leben in seiner ganzen Tiefe und F\u00fclle zu erfahren \u2013 unabh\u00e4ngig von dem, was dir gerade im Weg steht.<\/p>\n<p>\u2e3b<\/p>\n<p><b>Wobei ich dich unterst\u00fctzen kann:<\/b><\/p>\n<p>\u2022 Krisenintervention (bei Kindern &amp; Erwachsenen)<\/p>\n<p>\u2022 Schmerz, Krankheit, Verlust und Trauer<\/p>\n<p>\u2022 Psychogerontologie: Begleitung \u00e4lterer Menschen und ihrer Angeh\u00f6rigen<\/p>\n<p>\u2022 Begleitung von Menschen mit Krebserkrankung und deren Familien (Psychoonkologie)<\/p>\n<p>\u2022 Schwierige Erlebnisse und emotionale Belastungen<\/p>\n<p>\u2022 Andere und andere Widerspenstige<\/p>\n<p>\u2022 Traurigkeit, Ersch\u00f6pfung und innere Leere<\/p>\n<p>\u2022 Beziehungspsychologie &amp; Liebesdynamiken<\/p>\n<p>\u2022 Schulung und Planung<\/p>\n<p>\u2022 Eltern-Burnout &amp; berufliches Burnout<\/p>\n<p>\u2022 Stress am Arbeitsplatz, Mobbing<\/p>\n<p>\u2022 Berufswechsel &amp; Lebensumbr\u00fcche<\/p>\n<p>\u2022 Emotionale Intelligenz und Selbstreflexion<\/p>\n<p>\u2022 Pers\u00f6nlichkeitsentwicklung und der Weg zu sich selbst<\/p>\n<p>\u2022 Auf der Suche nach Gl\u00fcck (was auch immer das f\u00fcr dich bedeutet)<\/p>\n<p>\u2022 Zielkl\u00e4rung und Verwirklichung deiner Tr\u00e4ume<\/p>\n<p>\u2e3b<\/p>\n<p><b>Er kennt ihre Arbeit<\/b><\/p>\n<p>Ich arbeite auf Deutsch, Polnisch und Englisch. In meinen Sitzungen verbinde ich wissenschaftlich fundierte psychologische Methoden mit einem ganzheitlichen, menschlichen Blick.<\/p>\n<p>Besonders inspiriert haben mich Ans\u00e4tze wie die <b>kognitive Verhaltenstherapie (CBT)<\/b>, <b>Dialektisch-Verhaltenstherapie (DBT)<\/b>, <b>Akzeptanz- und Commitment-Therapie (ACT)<\/b> Eule Elemente von <b>Gestalttherapie<\/b>.<\/p>\n<p>Ich arbeite gern mit K\u00f6rper, Stimme und Musik \u2013 je nachdem, was dich am besten unterst\u00fctzt.<\/p>\n<p>\u2e3b<\/p>\n<p><b>Mein Motto:<\/b><\/p>\n<p><b>SORGEN SIE DARAN, DASS HEUTE ETWAS PASSIERT.<\/b><\/p>\n<p>Worth nicht auf den perfekten Moment \u2013 er ist schon da.<\/p>\n<p>Myth Herz \ud83e\udd17\u2764\ufe0f<\/p>\n<p>Roxana<\/p>","protected":false},"excerpt":{"rendered":"<p>Hallo, mein Name ist Roksana. Ich bin Psychologin, Coach und Mentorin. Ich arbeite im Rahmen meiner eigenen freiberuflichen Praxis im deutsch-polnischen Grenzgebiet und begleite Menschen in einer grenz\u00fcberschreitenden Arbeit.\u00a0\ud83e\udec0\ud83d\ude0a\ud83e\udde0 Ich liebe es, Menschen in ihrer pers\u00f6nlichen Entwicklung zu begleiten \u2013 besonders in Momenten, in denen Ver\u00e4nderung, Heilung oder einfach mehr Klarheit gebraucht wird. Man kann &hellip; <a href=\"https:\/\/makethingshappentoday.com\/de\/o-mnie-2\/aboutme\/uber-mich-2\/uber-mich\/\" class=\"more-link\">Weiterlesen <span class=\"screen-reader-text\">\u00dcBER DEM MICH<\/span><\/a><\/p>","protected":false},"author":112134480,"featured_media":430,"parent":406,"menu_order":0,"comment_status":"closed","ping_status":"closed","template":"","meta":{"_coblocks_attr":"","_coblocks_dimensions":"","_coblocks_responsive_height":"","_coblocks_accordion_ie_support":"","_crdt_document":"","footnotes":""},"class_list":["post-409","page","type-page","status-publish","has-post-thumbnail","hentry","with-featured-image"],"jetpack_likes_enabled":true,"jetpack_sharing_enabled":true,"jetpack_shortlink":"https:\/\/wp.me\/P82olW-6B","jetpack-related-posts":[{"id":411,"url":"https:\/\/makethingshappentoday.com\/de\/o-mnie-2\/aboutme\/uber-mich-2\/uber-mich-2\/","url_meta":{"origin":409,"position":0},"title":"\u00dcBER DEM MICH","author":"Make Things Happen Today","date":"11\/03\/2017","format":false,"excerpt":"\u00a0 Life Coach, MA in European & Political Studies mit Nachdruck auf polnisch-deutsche Beziehungen, \u00fcberdies erwerbst\u00e4tiger PTA in einer der Patienten freundlichsten Berliner Apotheke, sowie ein gro\u00dfer Fan von kleinen und gro\u00dfen Entdeckungsreisen. Ich spezialisiere mich auf Life Coaching, im Vertrauen darauf, dass Menschen wirklich OK sind und die bestm\u00f6gliche\u2026","rel":"","context":"\u00c4hnlicher Beitrag","block_context":{"text":"\u00c4hnlicher Beitrag","link":""},"img":{"alt_text":"","src":"","width":0,"height":0},"classes":[]},{"id":406,"url":"https:\/\/makethingshappentoday.com\/de\/o-mnie-2\/aboutme\/uber-mich-2\/","url_meta":{"origin":409,"position":1},"title":"\u00dcber mich","author":"Make Things Happen Today","date":"11\/03\/2017","format":false,"excerpt":"Life Coach, MA in European & Political Studies mit Nachdruck auf polnisch-deutsche Beziehungen, \u00fcberdies erwerbst\u00e4tiger PTA in einer der Patienten freundlichsten Berliner Apotheke, sowie ein gro\u00dfer Fan von kleinen und gro\u00dfen Entdeckungsreisen. Ich spezialisiere mich auf Life Coaching, im Vertrauen darauf, dass Menschen wirklich OK sind und die bestm\u00f6gliche Entscheidung\u2026","rel":"","context":"\u00c4hnlicher Beitrag","block_context":{"text":"\u00c4hnlicher Beitrag","link":""},"img":{"alt_text":"","src":"","width":0,"height":0},"classes":[]},{"id":414,"url":"https:\/\/makethingshappentoday.com\/de\/o-mnie-2\/aboutme\/uber-mich\/","url_meta":{"origin":409,"position":2},"title":"\u00dcBER DEM MICH","author":"Make Things Happen Today","date":"11\/03\/2017","format":false,"excerpt":"Life Coach, MA in European & Political Studies mit Nachdruck auf polnisch-deutsche Beziehungen, \u00fcberdies erwerbst\u00e4tiger PTA in einer der Patienten freundlichsten Berliner Apotheke, sowie ein gro\u00dfer Fan von kleinen und gro\u00dfen Entdeckungsreisen. Ich spezialisiere mich auf Life Coaching, im Vertrauen darauf, dass Menschen wirklich OK sind und die bestm\u00f6gliche Entscheidung\u2026","rel":"","context":"\u00c4hnlicher Beitrag","block_context":{"text":"\u00c4hnlicher Beitrag","link":""},"img":{"alt_text":"","src":"","width":0,"height":0},"classes":[]},{"id":431,"url":"https:\/\/makethingshappentoday.com\/de\/blog\/so-kannst-du-deine-traume-verwirklich\/","url_meta":{"origin":409,"position":3},"title":"So kannst Du Deine Tr\u00e4ume verwirklich!","author":"Make Things Happen Today","date":"12\/03\/2017","format":false,"excerpt":"Die Zeit des Erwachens aus winterlicher Lethargie ist Zeit auf eine kurze Reflexion und \u00c4nderungen. Selbst \u2018will\u2019:\u00a0will abnehmen, will Deutsch lernen, will reisen, will laufen, will umziehen, will schlie\u00dflich Arbeit wechseln ist nur ein z\u00fcndende F\u00fcnkchen dieses ganzen Metamorphoseprozesses. Um eigene Tr\u00e4ume zu erf\u00fcllen, muss man diese als Ziel setzen.\u2026","rel":"","context":"\u00c4hnlicher Beitrag","block_context":{"text":"\u00c4hnlicher Beitrag","link":""},"img":{"alt_text":"p1150081","src":"https:\/\/i0.wp.com\/makethingshappentoday.com\/wp-content\/uploads\/2016\/10\/p1150081.jpg?resize=350%2C200&ssl=1","width":350,"height":200,"srcset":"https:\/\/i0.wp.com\/makethingshappentoday.com\/wp-content\/uploads\/2016\/10\/p1150081.jpg?resize=350%2C200&ssl=1 1x, https:\/\/i0.wp.com\/makethingshappentoday.com\/wp-content\/uploads\/2016\/10\/p1150081.jpg?resize=525%2C300&ssl=1 1.5x"},"classes":[]},{"id":4928,"url":"https:\/\/makethingshappentoday.com\/de\/datenschutzrichtlinie\/","url_meta":{"origin":409,"position":4},"title":"\ud83c\udde9\ud83c\uddea Datenschutzrichtlinie","author":"Make Things Happen Today","date":"01\/03\/2025","format":false,"excerpt":"Letzte Aktualisierung: 1.03.2025 Der Schutz Ihrer Daten ist uns wichtig. Diese Datenschutzerkl\u00e4rung erkl\u00e4rt, wie wir Ihre pers\u00f6nlichen Daten erfassen, verarbeiten und speichern, wenn Sie https:\/\/makethingshappentoday.com besuchen. 1. Wer ist f\u00fcr Ihre Daten verantwortlich? \ud83d\udccd Roksana M. Weber \ud83d\udce7 E-Mail: weber.roksana@gmail.com \ud83d\udccd Adresse: Dorfaue 13, 15738 Zeuthen , DE 2. Welche\u2026","rel":"","context":"\u00c4hnlicher Beitrag","block_context":{"text":"\u00c4hnlicher Beitrag","link":""},"img":{"alt_text":"","src":"","width":0,"height":0},"classes":[]},{"id":1673,"url":"https:\/\/makethingshappentoday.com\/de\/o-mnie-2\/","url_meta":{"origin":409,"position":5},"title":"O mnie","author":"Make Things Happen Today","date":"24\/05\/2018","format":false,"excerpt":"Psycholog i\u00a0pasjonat komunikacji mi\u0119dzykulturowej, life coach i mentor, a w kr\u00f3tce ju\u017c\u00a0psychoterapeuta poznawczo-behawioralny\ud83e\udec0\ud83d\ude0a\ud83e\udde0,\u00a0prowadz\u0105ca w\u0142asn\u0105 praktyk\u0119 psychologiczn\u0105 i coachingow\u0105 na pograniczu polsko-niemieckim oraz wielki fan odkrywczych podr\u00f3\u017cy ma\u0142ych i du\u017cych, a przede wszystkim MAMA uroczego\u00a0ch\u0142opca \ud83e\udd31\ud83d\udc95 i \u017cywy dow\u00f3d na to, \u017ce w \u017cyciu mo\u017cna robi\u0107 to na co ma si\u0119\u2026","rel":"","context":"\u00c4hnlicher Beitrag","block_context":{"text":"\u00c4hnlicher Beitrag","link":""},"img":{"alt_text":"","src":"https:\/\/i0.wp.com\/makethingshappentoday.com\/wp-content\/uploads\/2016\/10\/cropped-img_6431-2.jpg?fit=1200%2C698&ssl=1&resize=350%2C200","width":350,"height":200,"srcset":"https:\/\/i0.wp.com\/makethingshappentoday.com\/wp-content\/uploads\/2016\/10\/cropped-img_6431-2.jpg?fit=1200%2C698&ssl=1&resize=350%2C200 1x, https:\/\/i0.wp.com\/makethingshappentoday.com\/wp-content\/uploads\/2016\/10\/cropped-img_6431-2.jpg?fit=1200%2C698&ssl=1&resize=525%2C300 1.5x, https:\/\/i0.wp.com\/makethingshappentoday.com\/wp-content\/uploads\/2016\/10\/cropped-img_6431-2.jpg?fit=1200%2C698&ssl=1&resize=700%2C400 2x, https:\/\/i0.wp.com\/makethingshappentoday.com\/wp-content\/uploads\/2016\/10\/cropped-img_6431-2.jpg?fit=1200%2C698&ssl=1&resize=1050%2C600 3x"},"classes":[]}],"_links":{"self":[{"href":"https:\/\/makethingshappentoday.com\/de\/wp-json\/wp\/v2\/pages\/409","targetHints":{"allow":["GET"]}}],"collection":[{"href":"https:\/\/makethingshappentoday.com\/de\/wp-json\/wp\/v2\/pages"}],"about":[{"href":"https:\/\/makethingshappentoday.com\/de\/wp-json\/wp\/v2\/types\/page"}],"author":[{"embeddable":true,"href":"https:\/\/makethingshappentoday.com\/de\/wp-json\/wp\/v2\/users\/112134480"}],"replies":[{"embeddable":true,"href":"https:\/\/makethingshappentoday.com\/de\/wp-json\/wp\/v2\/comments?post=409"}],"version-history":[{"count":33,"href":"https:\/\/makethingshappentoday.com\/de\/wp-json\/wp\/v2\/pages\/409\/revisions"}],"predecessor-version":[{"id":6274,"href":"https:\/\/makethingshappentoday.com\/de\/wp-json\/wp\/v2\/pages\/409\/revisions\/6274"}],"up":[{"embeddable":true,"href":"https:\/\/makethingshappentoday.com\/de\/wp-json\/wp\/v2\/pages\/406"}],"wp:featuredmedia":[{"embeddable":true,"href":"https:\/\/makethingshappentoday.com\/de\/wp-json\/wp\/v2\/media\/430"}],"wp:attachment":[{"href":"https:\/\/makethingshappentoday.com\/de\/wp-json\/wp\/v2\/media?parent=409"}],"curies":[{"name":"wp","href":"https:\/\/api.w.org\/{rel}","templated":true}]}}