{"id":3883,"date":"2024-09-28T22:39:00","date_gmt":"2024-09-28T22:39:00","guid":{"rendered":"https:\/\/makethingshappentoday.com\/?page_id=3883"},"modified":"2025-08-18T12:38:30","modified_gmt":"2025-08-18T12:38:30","slug":"umow-sie-na-wizyte-psycholog-online","status":"publish","type":"page","link":"https:\/\/makethingshappentoday.com\/de\/umow-sie-na-wizyte-psycholog-online\/","title":{"rendered":"Jetzt Termin sichern"},"content":{"rendered":"\n<h2 class=\"wp-block-heading\"><strong><strong>Um\u00f3w si\u0119 na wizyt\u0119 \u2013 szybko, bezpiecznie i z pe\u0142nym wsparciem.<\/strong><\/strong><\/h2>\n\n\n\n<p class=\"wp-block-paragraph\">Ciesz\u0119 si\u0119, \u017ce tutaj jeste\u015b. Je\u015bli chcesz um\u00f3wi\u0107 si\u0119 na wizyt\u0119 i szukasz wsparcia psychologicznego, jeste\u015b we w\u0142a\u015bciwym miejscu.<\/p>\n\n\n\n<p class=\"wp-block-paragraph\">Prowadz\u0119 konsultacje psychologiczne online i stacjonarne. Pracuj\u0119 z mieszka\u0144cami Polski i Niemiec, a dzi\u0119ki spotkaniom online wspieram r\u00f3wnie\u017c osoby z ca\u0142ego \u015bwiata \u2013 tak\u017ce w j\u0119zyku angielskim. Pos\u0142uguj\u0119 si\u0119 p\u0142ynnie j\u0119zykiem polskim, niemieckim oraz angielskim, co pozwala mi skutecznie wspiera\u0107 osoby mieszkaj\u0105ce w r\u00f3\u017cnych krajach i \u015brodowiskach kulturowych.<\/p>\n\n\n\n<p class=\"wp-block-paragraph\"><strong><mark style=\"background-color:#8ed1fc\" class=\"has-inline-color\">Obecnie wszystkie wizyty (zar\u00f3wno online, jak i stacjonarne) s\u0105 umawiane wy\u0142\u0105cznie poprzez kontakt bezpo\u015bredni lub portal znanylekarz.pl.<\/mark><\/strong><\/p>\n\n\n\n<p class=\"wp-block-paragraph\"><strong>Znanylekarz.pl <\/strong><\/p>\n\n\n\n<p class=\"wp-block-paragraph\">Nie musisz czeka\u0107. <\/p>\n\n\n\n<p class=\"wp-block-paragraph\">Zarezerwuj wizyt\u0119 w kilku kliknieciach. Sprawd\u017a dost\u0119pne terminy i um\u00f3w si\u0119 na konsultacje psychologiczn\u0105 b\u0142yskawicznie i bez stresu.<\/p>\n\n\n\n<p class=\"wp-block-paragraph\">\ud83d\udc49 <a href=\"https:\/\/www.znanylekarz.pl\/z\/5bgscE\" target=\"_blank\" rel=\"noopener\"><\/a><a href=\"https:\/\/www.znanylekarz.pl\/roksana-maria-weber\/psycholog\/slubice2\" target=\"_blank\" rel=\"noopener\">Roksana Maria Weber &#8211; ZnanyLekarz.pl<\/a><\/p>\n\n\n\n<p class=\"wp-block-paragraph\"><strong>Kontakt bezpo\u015bredni<\/strong><\/p>\n\n\n\n<p class=\"wp-block-paragraph\">Wizyty odbywaj\u0105 si\u0119 po wcze\u015bniejszym ustaleniu terminu drog\u0105 mailow\u0105.<\/p>\n\n\n\n<p class=\"wp-block-paragraph\">Aby um\u00f3wi\u0107 si\u0119 na konsultacj\u0119, prosz\u0119 o kontakt:<\/p>\n\n\n\n<p class=\"wp-block-paragraph\">\u2013 mailowy: <strong>hello@makethingshappentoday.com<\/strong><\/p>\n\n\n\n<p class=\"wp-block-paragraph\">lub<\/p>\n\n\n\n<p class=\"wp-block-paragraph\">\u2013 poprzez <strong>formularz kontaktowy<\/strong> dost\u0119pny w zak\u0142adce <a href=\"https:\/\/makethingshappentoday.com\/contact\/\">[Contakt]<\/a>.<\/p>\n\n\n\n<figure class=\"wp-block-image size-full\"><img data-recalc-dims=\"1\" loading=\"lazy\" decoding=\"async\" width=\"620\" height=\"465\" data-attachment-id=\"5601\" data-permalink=\"https:\/\/makethingshappentoday.com\/de\/umow-sie-na-wizyte-psycholog-online\/psychologiczne-konsultacje-online-biala-kobieta\/#main\" data-orig-file=\"https:\/\/i0.wp.com\/makethingshappentoday.com\/wp-content\/uploads\/2025\/05\/psychologiczne-konsultacje-online-biala-kobieta.png?fit=1024%2C768&amp;ssl=1\" data-orig-size=\"1024,768\" data-comments-opened=\"1\" data-image-meta=\"{&quot;aperture&quot;:&quot;0&quot;,&quot;credit&quot;:&quot;&quot;,&quot;camera&quot;:&quot;&quot;,&quot;caption&quot;:&quot;&quot;,&quot;created_timestamp&quot;:&quot;0&quot;,&quot;copyright&quot;:&quot;&quot;,&quot;focal_length&quot;:&quot;0&quot;,&quot;iso&quot;:&quot;0&quot;,&quot;shutter_speed&quot;:&quot;0&quot;,&quot;title&quot;:&quot;&quot;,&quot;orientation&quot;:&quot;0&quot;}\" data-image-title=\"Psycholog S\u0142ubice &amp;#8211; um\u00f3w si\u0119 na wizyt\u0119, konsultacje online\" data-image-description=\"\" data-image-caption=\"&lt;p&gt;Konsultacje psychologiczne online i stacjonarne \u2013 dost\u0119pne dla os\u00f3b z Polski i Niemiec.&lt;\/p&gt;\n\" data-large-file=\"https:\/\/i0.wp.com\/makethingshappentoday.com\/wp-content\/uploads\/2025\/05\/psychologiczne-konsultacje-online-biala-kobieta.png?fit=620%2C465&amp;ssl=1\" src=\"https:\/\/i0.wp.com\/makethingshappentoday.com\/wp-content\/uploads\/2025\/05\/psychologiczne-konsultacje-online-biala-kobieta.png?resize=620%2C465&#038;ssl=1\" alt=\"Um\u00f3w si\u0119 na wizyt\u0119 - Konsultacje psychologiczne online i stacjonarne \u2013 psycholog S\u0142ubice\/ Frankfurt Oder\" class=\"wp-image-5601\" srcset=\"https:\/\/i0.wp.com\/makethingshappentoday.com\/wp-content\/uploads\/2025\/05\/psychologiczne-konsultacje-online-biala-kobieta.png?w=1024&amp;ssl=1 1024w, https:\/\/i0.wp.com\/makethingshappentoday.com\/wp-content\/uploads\/2025\/05\/psychologiczne-konsultacje-online-biala-kobieta.png?resize=300%2C225&amp;ssl=1 300w, https:\/\/i0.wp.com\/makethingshappentoday.com\/wp-content\/uploads\/2025\/05\/psychologiczne-konsultacje-online-biala-kobieta.png?resize=768%2C576&amp;ssl=1 768w, https:\/\/i0.wp.com\/makethingshappentoday.com\/wp-content\/uploads\/2025\/05\/psychologiczne-konsultacje-online-biala-kobieta.png?resize=16%2C12&amp;ssl=1 16w, https:\/\/i0.wp.com\/makethingshappentoday.com\/wp-content\/uploads\/2025\/05\/psychologiczne-konsultacje-online-biala-kobieta.png?resize=800%2C600&amp;ssl=1 800w, https:\/\/i0.wp.com\/makethingshappentoday.com\/wp-content\/uploads\/2025\/05\/psychologiczne-konsultacje-online-biala-kobieta.png?resize=600%2C450&amp;ssl=1 600w, https:\/\/i0.wp.com\/makethingshappentoday.com\/wp-content\/uploads\/2025\/05\/psychologiczne-konsultacje-online-biala-kobieta.png?resize=400%2C300&amp;ssl=1 400w, https:\/\/i0.wp.com\/makethingshappentoday.com\/wp-content\/uploads\/2025\/05\/psychologiczne-konsultacje-online-biala-kobieta.png?resize=200%2C150&amp;ssl=1 200w, https:\/\/i0.wp.com\/makethingshappentoday.com\/wp-content\/uploads\/2025\/05\/psychologiczne-konsultacje-online-biala-kobieta.png?resize=507%2C380&amp;ssl=1 507w\" sizes=\"auto, (max-width: 620px) 100vw, 620px\" \/><\/figure>\n\n\n\n<p class=\"wp-block-paragraph\"><\/p>\n\n\n\n<h2 class=\"wp-block-heading\"><strong>Zanim um\u00f3wisz si\u0119 na wizyt\u0119:<\/strong><\/h2>\n\n\n\n<p class=\"wp-block-paragraph\">1\ufe0f\u20e3 Prosz\u0119 zapoznaj si\u0119 z moim <a href=\"https:\/\/makethingshappentoday.com\/cennik\/\">cennikiem<\/a> oraz <a href=\"https:\/\/makethingshappentoday.com\/zasady-korzystania-z-wizyt-online\/\">zasadami korzystania z wizyt online<\/a>.<\/p>\n\n\n\n<p class=\"wp-block-paragraph\">2\ufe0f\u20e3 Nast\u0119pnie napisz do mnie wiadomo\u015b\u0107:<\/p>\n\n\n\n<p class=\"has-text-align-left wp-block-paragraph\">\u2013 kr\u00f3tko opisz swoj\u0105 sytuacj\u0119,<\/p>\n\n\n\n<p class=\"wp-block-paragraph\">\u2013 podaj preferowan\u0105 form\u0119 spotkania (online lub stacjonarnie),<\/p>\n\n\n\n<p class=\"wp-block-paragraph\">\u2013 wska\u017c swoj\u0105 dost\u0119pno\u015b\u0107.<\/p>\n\n\n\n<p class=\"wp-block-paragraph\">\u2e3b<\/p>\n\n\n\n<h2 class=\"wp-block-heading\"><strong>Konsultacje online:<\/strong><\/h2>\n\n\n\n<p class=\"wp-block-paragraph\">Dost\u0119pne s\u0105 <strong>tylko po wcze\u015bniejszym um\u00f3wieniu<\/strong> w nast\u0119puj\u0105cych godzinach:<\/p>\n\n\n\n<p class=\"wp-block-paragraph\">\u2705 <strong>Wtorki i czwartki:<\/strong> 18:00 \u2013 20:00<\/p>\n\n\n\n<p class=\"wp-block-paragraph\">\u2705 <strong>Pi\u0105tki:<\/strong> 9:30 \u2013 15:30<\/p>\n\n\n\n<p class=\"wp-block-paragraph\">\u2705 <strong>Soboty:<\/strong> mo\u017cliwe spotkania po indywidualnym ustaleniu \u2014 na specjalnych warunkach.<\/p>\n\n\n\n<p class=\"wp-block-paragraph\">\u2e3b<\/p>\n\n\n\n<h2 class=\"wp-block-heading\"><strong>Konsultacje stacjonarne (face to face):<\/strong><\/h2>\n\n\n\n<p class=\"wp-block-paragraph\">Na spotkania stacjonarne zapraszam <strong>w pi\u0105tki<\/strong> do S\u0142ubic &#8211; Miejsce Terapii NEURO MIND<\/p>\n\n\n\n<p class=\"wp-block-paragraph\">(ul. Konstytucji 3 Maja 7, 69-100 S\u0142ubice)<\/p>\n\n\n\n<p class=\"wp-block-paragraph\">Praxis f\u00fcr Psychologie &amp; Coaching Roksana Maria Weber<\/p>\n\n\n\n<p class=\"wp-block-paragraph\">Psycholog S\u0142ubice Roksana Weber<\/p>\n\n\n\n<div class=\"wp-block-columns is-layout-flex wp-container-core-columns-is-layout-8f761849 wp-block-columns-is-layout-flex\">\n<div class=\"wp-block-column is-layout-flow wp-block-column-is-layout-flow\" style=\"flex-basis:100%\">\n<div class=\"wp-block-group is-vertical is-layout-flex wp-container-core-group-is-layout-4fc3f8e1 wp-block-group-is-layout-flex\">\n<h2 class=\"wp-block-heading\"><strong>Wa\u017cne <\/strong>\u203c\ufe0f<\/h2>\n\n\n\n<p class=\"wp-block-paragraph\">Twoja rezerwacja zostanie potwierdzona dopiero po op\u0142aceniu wizyty.<\/p>\n\n\n\n<p class=\"wp-block-paragraph\">Pami\u0119taj &#8211; Zapoznaj si\u0119 z moim <a href=\"https:\/\/makethingshappentoday.com\/cennik\/\">cennikiem<\/a> oraz <a href=\"https:\/\/makethingshappentoday.com\/zasady-korzystania-z-wizyt-online\/\">zasadami korzystania z wizyt online<\/a>.<\/p>\n<\/div>\n<\/div>\n<\/div>\n","protected":false},"excerpt":{"rendered":"<p>Um\u00f3w si\u0119 na wizyt\u0119 \u2013 szybko, bezpiecznie i z pe\u0142nym wsparciem. Ciesz\u0119 si\u0119, \u017ce tutaj jeste\u015b. Je\u015bli chcesz um\u00f3wi\u0107 si\u0119 na wizyt\u0119 i szukasz wsparcia psychologicznego, jeste\u015b we w\u0142a\u015bciwym miejscu. Prowadz\u0119 konsultacje psychologiczne online i stacjonarne. Pracuj\u0119 z mieszka\u0144cami Polski i Niemiec, a dzi\u0119ki spotkaniom online wspieram r\u00f3wnie\u017c osoby z ca\u0142ego \u015bwiata \u2013 tak\u017ce w &hellip; <a href=\"https:\/\/makethingshappentoday.com\/de\/umow-sie-na-wizyte-psycholog-online\/\" class=\"more-link\">Weiterlesen <span class=\"screen-reader-text\">Jetzt Termin sichern<\/span><\/a><\/p>","protected":false},"author":112134480,"featured_media":0,"parent":0,"menu_order":0,"comment_status":"closed","ping_status":"closed","template":"","meta":{"_coblocks_attr":"","_coblocks_dimensions":"","_coblocks_responsive_height":"","_coblocks_accordion_ie_support":"","_crdt_document":"","footnotes":""},"class_list":["post-3883","page","type-page","status-publish","hentry","without-featured-image"],"jetpack_likes_enabled":false,"jetpack_sharing_enabled":false,"jetpack_shortlink":"https:\/\/wp.me\/P82olW-10D","jetpack-related-posts":[{"id":3917,"url":"https:\/\/makethingshappentoday.com\/de\/zasady-korzystania-z-wizyt-online\/","url_meta":{"origin":3883,"position":0},"title":"Regeln f\u00fcr die Nutzung von Online-Besuchen","author":"Make Things Happen Today","date":"29\/09\/2024","format":false,"excerpt":"Specjalistyczne wizyty psychologiczne czy coachingowe Online s\u0105 odpowiedzi\u0105 na potrzeby dzisiejszych czas\u00f3w oraz fenomenalnym, a niekiedy jedynym rozwi\u0105zaniem dla wielu potrzebujacych profesjonalnego wsparcia. To nowoczesna i elastyczna forma pomocy prowadzona w spos\u00f3b zdalny za pomoc\u0105 \u015brodk\u00f3w komunikacji elektronicznej (telefon, laptop, Google Meet, WhatsApp, ZOOM i inne) w odr\u00f3\u017cnieniu do tradycyjnej,\u2026","rel":"","context":"\u00c4hnlicher Beitrag","block_context":{"text":"\u00c4hnlicher Beitrag","link":""},"img":{"alt_text":"","src":"https:\/\/i0.wp.com\/makethingshappentoday.com\/wp-content\/uploads\/2024\/09\/iw8a4870-1-edited.jpg?resize=350%2C200&ssl=1","width":350,"height":200,"srcset":"https:\/\/i0.wp.com\/makethingshappentoday.com\/wp-content\/uploads\/2024\/09\/iw8a4870-1-edited.jpg?resize=350%2C200&ssl=1 1x, https:\/\/i0.wp.com\/makethingshappentoday.com\/wp-content\/uploads\/2024\/09\/iw8a4870-1-edited.jpg?resize=525%2C300&ssl=1 1.5x, https:\/\/i0.wp.com\/makethingshappentoday.com\/wp-content\/uploads\/2024\/09\/iw8a4870-1-edited.jpg?resize=700%2C400&ssl=1 2x, https:\/\/i0.wp.com\/makethingshappentoday.com\/wp-content\/uploads\/2024\/09\/iw8a4870-1-edited.jpg?resize=1050%2C600&ssl=1 3x, https:\/\/i0.wp.com\/makethingshappentoday.com\/wp-content\/uploads\/2024\/09\/iw8a4870-1-edited.jpg?resize=1400%2C800&ssl=1 4x"},"classes":[]},{"id":2,"url":"https:\/\/makethingshappentoday.com\/de\/","url_meta":{"origin":3883,"position":1},"title":"PSYCHOLOG online \u2705 diagnoza psychologiczna\u2026","author":"Make Things Happen Today","date":"23\/01\/2017","format":false,"excerpt":"This is the home page's excerpt","rel":"","context":"\u00c4hnlicher Beitrag","block_context":{"text":"\u00c4hnlicher Beitrag","link":""},"img":{"alt_text":"","src":"https:\/\/i0.wp.com\/makethingshappentoday.com\/wp-content\/uploads\/2016\/10\/pexels-photo-adventure.jpeg?fit=1200%2C784&ssl=1&resize=350%2C200","width":350,"height":200,"srcset":"https:\/\/i0.wp.com\/makethingshappentoday.com\/wp-content\/uploads\/2016\/10\/pexels-photo-adventure.jpeg?fit=1200%2C784&ssl=1&resize=350%2C200 1x, https:\/\/i0.wp.com\/makethingshappentoday.com\/wp-content\/uploads\/2016\/10\/pexels-photo-adventure.jpeg?fit=1200%2C784&ssl=1&resize=525%2C300 1.5x, https:\/\/i0.wp.com\/makethingshappentoday.com\/wp-content\/uploads\/2016\/10\/pexels-photo-adventure.jpeg?fit=1200%2C784&ssl=1&resize=700%2C400 2x, https:\/\/i0.wp.com\/makethingshappentoday.com\/wp-content\/uploads\/2016\/10\/pexels-photo-adventure.jpeg?fit=1200%2C784&ssl=1&resize=1050%2C600 3x"},"classes":[]},{"id":3885,"url":"https:\/\/makethingshappentoday.com\/de\/cennik\/","url_meta":{"origin":3883,"position":2},"title":"Preise","author":"Make Things Happen Today","date":"28\/09\/2024","format":false,"excerpt":"Tutaj znajdziesz aktualny cennik konsultacji psychologiczno-coachingowych prowadzonych w j\u0119zyku polskim. Oferuj\u0119 zar\u00f3wno spotkania online, jak i sesje stacjonarne - Miejsce Terapii NEURO MIND w S\u0142ubicach. Indywidualna konsultacja psychologiczna\/ coachingowa (50 min) - 65 EUR \/ 250 PLN (dotyczy zar\u00f3wno pierwszej konsultacji, jak i kolejnych sesji) Konsultacja psychologiczna dla par (75\u2026","rel":"","context":"\u00c4hnlicher Beitrag","block_context":{"text":"\u00c4hnlicher Beitrag","link":""},"img":{"alt_text":"","src":"https:\/\/i0.wp.com\/makethingshappentoday.com\/wp-content\/uploads\/2021\/08\/cropped-image0.png?resize=350%2C200&ssl=1","width":350,"height":200},"classes":[]},{"id":1687,"url":"https:\/\/makethingshappentoday.com\/de\/__trashed-4\/","url_meta":{"origin":3883,"position":3},"title":"O mnie","author":"Make Things Happen Today","date":"01\/03\/2025","format":false,"excerpt":"Psycholog i\u00a0pasjonat komunikacji mi\u0119dzykulturowej, life coach i mentor, a w kr\u00f3tce ju\u017c\u00a0psychoterapeuta poznawczo-behawioralny\ud83e\udec0\ud83d\ude0a\ud83e\udde0,\u00a0czynny zawodowo w jednej z najbardziej przyjaznych pacjentom brandenburskich klinik oraz wielki fan odkrywczych podr\u00f3\u017cy ma\u0142ych i du\u017cych, a przede wszystkim MAMA uroczego\u00a0ch\u0142opca \ud83e\udd31\ud83d\udc95 i \u017cywy dow\u00f3d na to, \u017ce w \u017cyciu mo\u017cna robi\u0107 to na co ma\u2026","rel":"","context":"\u00c4hnlicher Beitrag","block_context":{"text":"\u00c4hnlicher Beitrag","link":""},"img":{"alt_text":"","src":"https:\/\/i0.wp.com\/makethingshappentoday.com\/wp-content\/uploads\/2024\/06\/img_9222-1.jpg?resize=350%2C200","width":350,"height":200,"srcset":"https:\/\/i0.wp.com\/makethingshappentoday.com\/wp-content\/uploads\/2024\/06\/img_9222-1.jpg?resize=350%2C200 1x, https:\/\/i0.wp.com\/makethingshappentoday.com\/wp-content\/uploads\/2024\/06\/img_9222-1.jpg?resize=525%2C300 1.5x, https:\/\/i0.wp.com\/makethingshappentoday.com\/wp-content\/uploads\/2024\/06\/img_9222-1.jpg?resize=700%2C400 2x, https:\/\/i0.wp.com\/makethingshappentoday.com\/wp-content\/uploads\/2024\/06\/img_9222-1.jpg?resize=1050%2C600 3x"},"classes":[]},{"id":1715,"url":"https:\/\/makethingshappentoday.com\/de\/o-mnie\/","url_meta":{"origin":3883,"position":4},"title":"O mnie","author":"Make Things Happen Today","date":"25\/05\/2018","format":false,"excerpt":"Psycholog i\u00a0pasjonat komunikacji mi\u0119dzykulturowej, life coach i mentor, a w kr\u00f3tce ju\u017c\u00a0psychoterapeuta poznawczo-behawioralny\ud83e\udec0\ud83d\ude0a\ud83e\udde0,\u00a0czynny zawodowo w jednej z najbardziej przyjaznych pacjentom brandenburskich klinik oraz wielki fan odkrywczych podr\u00f3\u017cy ma\u0142ych i du\u017cych, a przede wszystkim MAMA uroczego\u00a0ch\u0142opca \ud83e\udd31\ud83d\udc95 i \u017cywy dow\u00f3d na to, \u017ce w \u017cyciu mo\u017cna robi\u0107 to na co ma\u2026","rel":"","context":"\u00c4hnlicher Beitrag","block_context":{"text":"\u00c4hnlicher Beitrag","link":""},"img":{"alt_text":"","src":"https:\/\/i0.wp.com\/makethingshappentoday.com\/wp-content\/uploads\/2018\/05\/scan0002.jpg?resize=350%2C200","width":350,"height":200,"srcset":"https:\/\/i0.wp.com\/makethingshappentoday.com\/wp-content\/uploads\/2018\/05\/scan0002.jpg?resize=350%2C200 1x, https:\/\/i0.wp.com\/makethingshappentoday.com\/wp-content\/uploads\/2018\/05\/scan0002.jpg?resize=525%2C300 1.5x, https:\/\/i0.wp.com\/makethingshappentoday.com\/wp-content\/uploads\/2018\/05\/scan0002.jpg?resize=700%2C400 2x, https:\/\/i0.wp.com\/makethingshappentoday.com\/wp-content\/uploads\/2018\/05\/scan0002.jpg?resize=1050%2C600 3x, https:\/\/i0.wp.com\/makethingshappentoday.com\/wp-content\/uploads\/2018\/05\/scan0002.jpg?resize=1400%2C800 4x"},"classes":[]},{"id":5220,"url":"https:\/\/makethingshappentoday.com\/de\/o-mnie-2\/o-mnie-3\/","url_meta":{"origin":3883,"position":5},"title":"O mnie","author":"Make Things Happen Today","date":"25\/03\/2025","format":false,"excerpt":"Psycholog i\u00a0pasjonat komunikacji mi\u0119dzykulturowej, life coach i mentor, a w kr\u00f3tce ju\u017c\u00a0psychoterapeuta poznawczo-behawioralny\ud83e\udec0\ud83d\ude0a\ud83e\udde0,\u00a0czynny zawodowo w jednej z najbardziej przyjaznych pacjentom brandenburskich klinik oraz wielki fan odkrywczych podr\u00f3\u017cy ma\u0142ych i du\u017cych, a przede wszystkim MAMA uroczego\u00a0ch\u0142opca \ud83e\udd31\ud83d\udc95 i \u017cywy dow\u00f3d na to, \u017ce w \u017cyciu mo\u017cna robi\u0107 to na co ma\u2026","rel":"","context":"\u00c4hnlicher Beitrag","block_context":{"text":"\u00c4hnlicher Beitrag","link":""},"img":{"alt_text":"","src":"https:\/\/i0.wp.com\/makethingshappentoday.com\/wp-content\/uploads\/2024\/06\/img_9224-1.jpg?resize=350%2C200","width":350,"height":200,"srcset":"https:\/\/i0.wp.com\/makethingshappentoday.com\/wp-content\/uploads\/2024\/06\/img_9224-1.jpg?resize=350%2C200 1x, https:\/\/i0.wp.com\/makethingshappentoday.com\/wp-content\/uploads\/2024\/06\/img_9224-1.jpg?resize=525%2C300 1.5x, https:\/\/i0.wp.com\/makethingshappentoday.com\/wp-content\/uploads\/2024\/06\/img_9224-1.jpg?resize=700%2C400 2x, https:\/\/i0.wp.com\/makethingshappentoday.com\/wp-content\/uploads\/2024\/06\/img_9224-1.jpg?resize=1050%2C600 3x"},"classes":[]}],"_links":{"self":[{"href":"https:\/\/makethingshappentoday.com\/de\/wp-json\/wp\/v2\/pages\/3883","targetHints":{"allow":["GET"]}}],"collection":[{"href":"https:\/\/makethingshappentoday.com\/de\/wp-json\/wp\/v2\/pages"}],"about":[{"href":"https:\/\/makethingshappentoday.com\/de\/wp-json\/wp\/v2\/types\/page"}],"author":[{"embeddable":true,"href":"https:\/\/makethingshappentoday.com\/de\/wp-json\/wp\/v2\/users\/112134480"}],"replies":[{"embeddable":true,"href":"https:\/\/makethingshappentoday.com\/de\/wp-json\/wp\/v2\/comments?post=3883"}],"version-history":[{"count":63,"href":"https:\/\/makethingshappentoday.com\/de\/wp-json\/wp\/v2\/pages\/3883\/revisions"}],"predecessor-version":[{"id":6208,"href":"https:\/\/makethingshappentoday.com\/de\/wp-json\/wp\/v2\/pages\/3883\/revisions\/6208"}],"wp:attachment":[{"href":"https:\/\/makethingshappentoday.com\/de\/wp-json\/wp\/v2\/media?parent=3883"}],"curies":[{"name":"wp","href":"https:\/\/api.w.org\/{rel}","templated":true}]}}