{"id":3,"date":"2016-10-23T20:31:41","date_gmt":"2016-10-23T20:31:41","guid":{"rendered":"https:\/\/makethingshappentoday.com\/?page_id=3"},"modified":"2025-03-25T15:06:48","modified_gmt":"2025-03-25T15:06:48","slug":"aboutme","status":"publish","type":"page","link":"https:\/\/makethingshappentoday.com\/de\/o-mnie-2\/aboutme\/","title":{"rendered":"About Me"},"content":{"rendered":"<p>Hallo, ich bin Roksana Maria Weber \u2013 Psychologin, Lebensberaterin, Mentorin und \ud83d\udd1c<i> <\/i>-angehender zertifizierter kognitiver Verhaltenspsychotherapeut. \ud83e\udec0\ud83d\ude0a\ud83e\udde0<\/p>\n<p>Ich interessiere mich leidenschaftlich f\u00fcr menschliches Potenzial, innere Transformation und sinnvolle Verbindungen. Derzeit arbeite ich in einer der einladendsten Kliniken in Brandenburg und betreue Klienten in drei Sprachen \u2013 Polnisch, Deutsch und Englisch \u2013 sowohl online als auch pers\u00f6nlich.<\/p>\n<p>Ich bin auch ein gro\u00dfer Fan von Entdeckungen, Reisen und Lernen \u2013 aber vor allem bin ich die stolze Mama \ud83e\udd31\ud83d\udc95 eines wundervollen Jungen. Ich bin davon \u00fcberzeugt, dass wir alle es verdienen, ein Leben zu f\u00fchren, das sich im Einklang, voller Freude und frei anf\u00fchlt. <i> <\/i>\u2764 \\ (\u2022\u25e1\u2022) \/<\/p>\n<p><img data-recalc-dims=\"1\" loading=\"lazy\" decoding=\"async\" data-attachment-id=\"2318\" data-permalink=\"https:\/\/makethingshappentoday.com\/de\/o-mnie-2\/aboutme\/9e77c25b-d918-4cf2-9236-d0f3a2232678-1\/#main\" data-orig-file=\"https:\/\/i0.wp.com\/makethingshappentoday.com\/wp-content\/uploads\/2020\/09\/9e77c25b-d918-4cf2-9236-d0f3a2232678-1.png?fit=1080%2C1080&amp;ssl=1\" data-orig-size=\"1080,1080\" data-comments-opened=\"1\" data-image-meta=\"{&quot;aperture&quot;:&quot;0&quot;,&quot;credit&quot;:&quot;&quot;,&quot;camera&quot;:&quot;&quot;,&quot;caption&quot;:&quot;&quot;,&quot;created_timestamp&quot;:&quot;0&quot;,&quot;copyright&quot;:&quot;&quot;,&quot;focal_length&quot;:&quot;0&quot;,&quot;iso&quot;:&quot;0&quot;,&quot;shutter_speed&quot;:&quot;0&quot;,&quot;title&quot;:&quot;&quot;,&quot;orientation&quot;:&quot;0&quot;}\" data-image-title=\"9e77c25b-d918-4cf2-9236-d0f3a2232678-1\" data-image-description=\"\" data-image-caption=\"\" data-large-file=\"https:\/\/i0.wp.com\/makethingshappentoday.com\/wp-content\/uploads\/2020\/09\/9e77c25b-d918-4cf2-9236-d0f3a2232678-1.png?fit=620%2C620&amp;ssl=1\" class=\"size-full wp-image-2318\" src=\"https:\/\/i0.wp.com\/makethingshappentoday.com\/wp-content\/uploads\/2020\/09\/9e77c25b-d918-4cf2-9236-d0f3a2232678-1.png?resize=620%2C620&#038;ssl=1\" width=\"620\" height=\"620\" \/><\/p>\n<p><b>Meine Mission<\/b><\/p>\n<p>Meine Mission ist einfach: <b>das Leben in vollen Z\u00fcgen zu genie\u00dfen \u2013 und anderen dabei zu helfen, dasselbe zu tun<\/b>.<\/p>\n<p>Ich wei\u00df, dass ich gut bin in dem, was ich tue, und ich versuche jeden Tag, eine bessere Version meiner selbst zu werden \u2013 als Psychologin, als Mensch und als bewusste, liebevolle Mutter.<\/p>\n<p>Ich m\u00f6chte Menschen dabei helfen, mehr Freude, Klarheit und Selbstvertrauen zu erfahren \u2013 und sich best\u00e4rkt zu f\u00fchlen, nach ihrer eigenen Wahrheit zu leben.<\/p>\n<p>\u2e3b<\/p>\n<p><b>Meine Absicht<\/b><\/p>\n<p>Ich bin hier, um Sie dabei zu unterst\u00fctzen, die F\u00fclle des Lebens zu entdecken und zu erleben \u2013 ganz gleich, vor welchen Herausforderungen Sie stehen.<\/p>\n<p>\u2e3b<\/p>\n<p><b>Womit ich Ihnen helfen kann:<\/b><\/p>\n<p>\u2022 Emotionale Krisenintervention (f\u00fcr Kinder und Erwachsene)<\/p>\n<p>\u2022 Trauer, Krankheit, Verlust und Unterst\u00fctzung am Lebensende<\/p>\n<p>\u2022 Psychogeriatrie: Arbeit mit \u00e4lteren Klienten und ihren Familien<\/p>\n<p>\u2022 Psychoonkologie: Arbeit mit Krebspatienten und ihren Angeh\u00f6rigen<\/p>\n<p>\u2022 Trauma und seine vielen Gesichter<\/p>\n<p>\u2022 Angst und Furcht<\/p>\n<p>\u2022 Depressionen und emotionales Leiden<\/p>\n<p>\u2022 Beziehungspsychologie und Liebesdynamik<\/p>\n<p>\u2022 Scheidung und Trennung<\/p>\n<p>\u2022 Burnout bei Eltern und im Beruf<\/p>\n<p>\u2022 Arbeitsbedingter Stress, Mobbing am Arbeitsplatz<\/p>\n<p>\u2022 Karrierewechsel und Lebens\u00fcberg\u00e4nge<\/p>\n<p>\u2022 Emotionales Selbstbewusstsein und emotionale Intelligenz<\/p>\n<p>\u2022 Pers\u00f6nliches Wachstum und die Reise zur\u00fcck zu sich selbst<\/p>\n<p>\u2022 Auf der Suche nach Gl\u00fcck (was auch immer das f\u00fcr Sie bedeutet)<\/p>\n<p>\u2022 Ziele setzen und Tr\u00e4ume verwirklichen<\/p>\n<p>\u2e3b<\/p>\n<p><b>Wie ich arbeite<\/b><\/p>\n<p>Ich f\u00fchre Sitzungen auf Polnisch, Deutsch und Englisch durch. In meiner Praxis kombiniere ich forschungsbasierte therapeutische Methoden mit herzzentriertem Coaching.<\/p>\n<p>Ich verf\u00fcge \u00fcber fundierte Kenntnisse in verschiedenen Ans\u00e4tzen, darunter kognitive Verhaltenstherapie (CBT), dialektische Verhaltenstherapie (DBT), Akzeptanz- und Commitmenttherapie (ACT) und Elemente der Gestalttherapie.<\/p>\n<p>Ich arbeite auch gerne ganzheitlich mit dem K\u00f6rper, der Stimme und sogar der Musik \u2013 was auch immer zur Heilung beitr\u00e4gt.<\/p>\n<p>Aktuell betreue ich Patienten in einer Klinik in Frankfurt (Oder) und biete dar\u00fcber hinaus individuelle Online-Sitzungen f\u00fcr Klienten weltweit an.<\/p>\n<p>\u2e3b<\/p>\n<p><b>Unser Motto:<\/b><\/p>\n<p><b>SORGEN SIE DARAN, DASS HEUTE ETWAS PASSIERT.<\/b><\/p>\n<p>Warten Sie nicht darauf, dass Ihr Leben beginnt \u2013 es geschieht bereits.<\/p>\n<p>Mit W\u00e4rme,<\/p>\n<p>Roxana<\/p>\n<p><img data-recalc-dims=\"1\" loading=\"lazy\" decoding=\"async\" data-attachment-id=\"1668\" data-permalink=\"https:\/\/makethingshappentoday.com\/de\/06d05458-4add-487c-afee-8041ba9f1b6e\/\" data-orig-file=\"https:\/\/i0.wp.com\/makethingshappentoday.com\/wp-content\/uploads\/2018\/05\/06d05458-4add-487c-afee-8041ba9f1b6e.jpeg?fit=1010%2C1031&amp;ssl=1\" data-orig-size=\"1010,1031\" data-comments-opened=\"1\" data-image-meta=\"{&quot;aperture&quot;:&quot;0&quot;,&quot;credit&quot;:&quot;&quot;,&quot;camera&quot;:&quot;&quot;,&quot;caption&quot;:&quot;&quot;,&quot;created_timestamp&quot;:&quot;0&quot;,&quot;copyright&quot;:&quot;&quot;,&quot;focal_length&quot;:&quot;0&quot;,&quot;iso&quot;:&quot;0&quot;,&quot;shutter_speed&quot;:&quot;0&quot;,&quot;title&quot;:&quot;&quot;,&quot;orientation&quot;:&quot;0&quot;}\" data-image-title=\"06D05458-4ADD-487C-AFEE-8041BA9F1B6E\" data-image-description=\"\" data-image-caption=\"\" data-large-file=\"https:\/\/i0.wp.com\/makethingshappentoday.com\/wp-content\/uploads\/2018\/05\/06d05458-4add-487c-afee-8041ba9f1b6e.jpeg?fit=620%2C633&amp;ssl=1\" class=\"wp-image-1668 alignleft\" src=\"https:\/\/i0.wp.com\/makethingshappentoday.com\/wp-content\/uploads\/2018\/05\/06d05458-4add-487c-afee-8041ba9f1b6e.jpeg?resize=348%2C355&#038;ssl=1\" alt=\"06D05458-4ADD-487C-AFEE-8041BA9F1B6E\" width=\"348\" height=\"355\" \/><\/p>\n<div class=\"tiled-gallery type-rectangular tiled-gallery-unresized\" data-original-width=\"620\" data-carousel-extra='{&quot;blog_id&quot;:1,&quot;permalink&quot;:&quot;https:\\\/\\\/makethingshappentoday.com\\\/de\\\/o-mnie-2\\\/aboutme\\\/&quot;,&quot;likes_blog_id&quot;:118780960}' itemscope itemtype=\"http:\/\/schema.org\/ImageGallery\" > <div class=\"gallery-row\" style=\"width: 620px; height: 439px;\" data-original-width=\"620\" data-original-height=\"439\" > <div class=\"gallery-group images-1\" style=\"width: 312px; height: 439px;\" data-original-width=\"312\" data-original-height=\"439\" > <div class=\"tiled-gallery-item tiled-gallery-item-large\" itemprop=\"associatedMedia\" itemscope itemtype=\"http:\/\/schema.org\/ImageObject\"> <a href=\"https:\/\/makethingshappentoday.com\/de\/o-mnie-2\/aboutme\/scan0003\/#main\" border=\"0\" itemprop=\"url\"> <meta itemprop=\"width\" content=\"308\"> <meta itemprop=\"height\" content=\"435\"> <img decoding=\"async\" class=\"\" data-attachment-id=\"1650\" data-orig-file=\"https:\/\/makethingshappentoday.com\/wp-content\/uploads\/2018\/05\/scan0003.jpg\" data-orig-size=\"1654,2338\" data-comments-opened=\"1\" data-image-meta=\"{&quot;aperture&quot;:&quot;0&quot;,&quot;credit&quot;:&quot;&quot;,&quot;camera&quot;:&quot;&quot;,&quot;caption&quot;:&quot;&quot;,&quot;created_timestamp&quot;:&quot;0&quot;,&quot;copyright&quot;:&quot;&quot;,&quot;focal_length&quot;:&quot;0&quot;,&quot;iso&quot;:&quot;0&quot;,&quot;shutter_speed&quot;:&quot;0&quot;,&quot;title&quot;:&quot;&quot;,&quot;orientation&quot;:&quot;0&quot;}\" data-image-title=\"Scan0003\" data-image-description=\"\" data-medium-file=\"https:\/\/i0.wp.com\/makethingshappentoday.com\/wp-content\/uploads\/2018\/05\/scan0003.jpg?fit=212%2C300&#038;ssl=1\" data-large-file=\"https:\/\/i0.wp.com\/makethingshappentoday.com\/wp-content\/uploads\/2018\/05\/scan0003.jpg?fit=620%2C876&#038;ssl=1\" src=\"https:\/\/i0.wp.com\/makethingshappentoday.com\/wp-content\/uploads\/2018\/05\/scan0003.jpg?w=308&#038;h=435&#038;ssl=1\" width=\"308\" height=\"435\" loading=\"lazy\" data-original-width=\"308\" data-original-height=\"435\" itemprop=\"http:\/\/schema.org\/image\" title=\"Scan0003\" alt=\"Scan0003\" style=\"width: 308px; height: 435px;\" \/> <\/a> <\/div> <\/div> <!-- close group --> <div class=\"gallery-group images-2\" style=\"width: 308px; height: 439px;\" data-original-width=\"308\" data-original-height=\"439\" > <div class=\"tiled-gallery-item tiled-gallery-item-large\" itemprop=\"associatedMedia\" itemscope itemtype=\"http:\/\/schema.org\/ImageObject\"> <a href=\"https:\/\/makethingshappentoday.com\/de\/o-mnie-2\/aboutme\/scan0004\/#main\" border=\"0\" itemprop=\"url\"> <meta itemprop=\"width\" content=\"304\"> <meta itemprop=\"height\" content=\"216\"> <img decoding=\"async\" class=\"\" data-attachment-id=\"1651\" data-orig-file=\"https:\/\/makethingshappentoday.com\/wp-content\/uploads\/2018\/05\/scan0004.jpg\" data-orig-size=\"2338,1654\" data-comments-opened=\"1\" data-image-meta=\"{&quot;aperture&quot;:&quot;0&quot;,&quot;credit&quot;:&quot;&quot;,&quot;camera&quot;:&quot;&quot;,&quot;caption&quot;:&quot;&quot;,&quot;created_timestamp&quot;:&quot;0&quot;,&quot;copyright&quot;:&quot;&quot;,&quot;focal_length&quot;:&quot;0&quot;,&quot;iso&quot;:&quot;0&quot;,&quot;shutter_speed&quot;:&quot;0&quot;,&quot;title&quot;:&quot;&quot;,&quot;orientation&quot;:&quot;0&quot;}\" data-image-title=\"Scan0004\" data-image-description=\"\" data-medium-file=\"https:\/\/i0.wp.com\/makethingshappentoday.com\/wp-content\/uploads\/2018\/05\/scan0004.jpg?fit=300%2C212&#038;ssl=1\" data-large-file=\"https:\/\/i0.wp.com\/makethingshappentoday.com\/wp-content\/uploads\/2018\/05\/scan0004.jpg?fit=620%2C439&#038;ssl=1\" src=\"https:\/\/i0.wp.com\/makethingshappentoday.com\/wp-content\/uploads\/2018\/05\/scan0004.jpg?w=304&#038;h=216&#038;ssl=1\" width=\"304\" height=\"216\" loading=\"lazy\" data-original-width=\"304\" data-original-height=\"216\" itemprop=\"http:\/\/schema.org\/image\" title=\"Scan0004\" alt=\"Scan0004\" style=\"width: 304px; height: 216px;\" \/> <\/a> <\/div> <div class=\"tiled-gallery-item tiled-gallery-item-large\" itemprop=\"associatedMedia\" itemscope itemtype=\"http:\/\/schema.org\/ImageObject\"> <a href=\"https:\/\/makethingshappentoday.com\/de\/o-mnie-2\/aboutme\/scan0005\/#main\" border=\"0\" itemprop=\"url\"> <meta itemprop=\"width\" content=\"304\"> <meta itemprop=\"height\" content=\"215\"> <img decoding=\"async\" class=\"\" data-attachment-id=\"1652\" data-orig-file=\"https:\/\/makethingshappentoday.com\/wp-content\/uploads\/2018\/05\/scan0005.jpg\" data-orig-size=\"2338,1654\" data-comments-opened=\"1\" data-image-meta=\"{&quot;aperture&quot;:&quot;0&quot;,&quot;credit&quot;:&quot;&quot;,&quot;camera&quot;:&quot;&quot;,&quot;caption&quot;:&quot;&quot;,&quot;created_timestamp&quot;:&quot;0&quot;,&quot;copyright&quot;:&quot;&quot;,&quot;focal_length&quot;:&quot;0&quot;,&quot;iso&quot;:&quot;0&quot;,&quot;shutter_speed&quot;:&quot;0&quot;,&quot;title&quot;:&quot;&quot;,&quot;orientation&quot;:&quot;0&quot;}\" data-image-title=\"Scan0005\" data-image-description=\"\" data-medium-file=\"https:\/\/i0.wp.com\/makethingshappentoday.com\/wp-content\/uploads\/2018\/05\/scan0005.jpg?fit=300%2C212&#038;ssl=1\" data-large-file=\"https:\/\/i0.wp.com\/makethingshappentoday.com\/wp-content\/uploads\/2018\/05\/scan0005.jpg?fit=620%2C439&#038;ssl=1\" src=\"https:\/\/i0.wp.com\/makethingshappentoday.com\/wp-content\/uploads\/2018\/05\/scan0005.jpg?w=304&#038;h=215&#038;ssl=1\" width=\"304\" height=\"215\" loading=\"lazy\" data-original-width=\"304\" data-original-height=\"215\" itemprop=\"http:\/\/schema.org\/image\" title=\"Scan0005\" alt=\"Scan0005\" style=\"width: 304px; height: 215px;\" \/> <\/a> <\/div> <\/div> <!-- close group --> <\/div> <!-- close row --> <\/div>","protected":false},"excerpt":{"rendered":"<p>This is just a short excerpt for the about&nbsp;page.<\/p>","protected":false},"author":112134480,"featured_media":430,"parent":1673,"menu_order":1,"comment_status":"closed","ping_status":"closed","template":"","meta":{"_coblocks_attr":"","_coblocks_dimensions":"","_coblocks_responsive_height":"","_coblocks_accordion_ie_support":"","_crdt_document":"","footnotes":""},"class_list":["post-3","page","type-page","status-publish","has-post-thumbnail","hentry","with-featured-image"],"jetpack_likes_enabled":true,"jetpack_sharing_enabled":true,"jetpack_shortlink":"https:\/\/wp.me\/P82olW-3","jetpack-related-posts":[{"id":4228,"url":"https:\/\/makethingshappentoday.com\/de\/my-story-2\/","url_meta":{"origin":3,"position":0},"title":"My Story","author":"Make Things Happen Today","date":"09\/12\/2024","format":false,"excerpt":"When I was a child I was dreaming a lot. I was drawing myself in a space rocket travelling to the Moon. I was sure that when I will turn 30 we will be living the World like \"The Jetsons\" do. I was also climbing trees, not because I wanted\u2026","rel":"","context":"\u00c4hnlicher Beitrag","block_context":{"text":"\u00c4hnlicher Beitrag","link":""},"img":{"alt_text":"","src":"","width":0,"height":0},"classes":[]},{"id":409,"url":"https:\/\/makethingshappentoday.com\/de\/o-mnie-2\/aboutme\/uber-mich-2\/uber-mich\/","url_meta":{"origin":3,"position":1},"title":"\u00dcBER DEM MICH","author":"Make Things Happen Today","date":"11\/03\/2017","format":false,"excerpt":"Hallo, mein Name ist Roksana. Ich bin Psychologin, Coach und Mentorin. Ich arbeite im Rahmen meiner eigenen freiberuflichen Praxis im deutsch-polnischen Grenzgebiet und begleite Menschen in einer grenz\u00fcberschreitenden Arbeit.\u00a0\ud83e\udec0\ud83d\ude0a\ud83e\udde0 Ich liebe es, Menschen in ihrer pers\u00f6nlichen Entwicklung zu begleiten \u2013 besonders in Momenten, in denen Ver\u00e4nderung, Heilung oder einfach mehr\u2026","rel":"","context":"\u00c4hnlicher Beitrag","block_context":{"text":"\u00c4hnlicher Beitrag","link":""},"img":{"alt_text":"","src":"https:\/\/i0.wp.com\/makethingshappentoday.com\/wp-content\/uploads\/2016\/10\/img_6431-2.jpg?fit=1200%2C758&ssl=1&resize=350%2C200","width":350,"height":200,"srcset":"https:\/\/i0.wp.com\/makethingshappentoday.com\/wp-content\/uploads\/2016\/10\/img_6431-2.jpg?fit=1200%2C758&ssl=1&resize=350%2C200 1x, https:\/\/i0.wp.com\/makethingshappentoday.com\/wp-content\/uploads\/2016\/10\/img_6431-2.jpg?fit=1200%2C758&ssl=1&resize=525%2C300 1.5x, https:\/\/i0.wp.com\/makethingshappentoday.com\/wp-content\/uploads\/2016\/10\/img_6431-2.jpg?fit=1200%2C758&ssl=1&resize=700%2C400 2x, https:\/\/i0.wp.com\/makethingshappentoday.com\/wp-content\/uploads\/2016\/10\/img_6431-2.jpg?fit=1200%2C758&ssl=1&resize=1050%2C600 3x"},"classes":[]}],"_links":{"self":[{"href":"https:\/\/makethingshappentoday.com\/de\/wp-json\/wp\/v2\/pages\/3","targetHints":{"allow":["GET"]}}],"collection":[{"href":"https:\/\/makethingshappentoday.com\/de\/wp-json\/wp\/v2\/pages"}],"about":[{"href":"https:\/\/makethingshappentoday.com\/de\/wp-json\/wp\/v2\/types\/page"}],"author":[{"embeddable":true,"href":"https:\/\/makethingshappentoday.com\/de\/wp-json\/wp\/v2\/users\/112134480"}],"replies":[{"embeddable":true,"href":"https:\/\/makethingshappentoday.com\/de\/wp-json\/wp\/v2\/comments?post=3"}],"version-history":[{"count":31,"href":"https:\/\/makethingshappentoday.com\/de\/wp-json\/wp\/v2\/pages\/3\/revisions"}],"predecessor-version":[{"id":5255,"href":"https:\/\/makethingshappentoday.com\/de\/wp-json\/wp\/v2\/pages\/3\/revisions\/5255"}],"up":[{"embeddable":true,"href":"https:\/\/makethingshappentoday.com\/de\/wp-json\/wp\/v2\/pages\/1673"}],"wp:featuredmedia":[{"embeddable":true,"href":"https:\/\/makethingshappentoday.com\/de\/wp-json\/wp\/v2\/media\/430"}],"wp:attachment":[{"href":"https:\/\/makethingshappentoday.com\/de\/wp-json\/wp\/v2\/media?parent=3"}],"curies":[{"name":"wp","href":"https:\/\/api.w.org\/{rel}","templated":true}]}}