{"id":1729,"date":"2018-05-24T11:36:27","date_gmt":"2018-05-24T11:36:27","guid":{"rendered":"http:\/\/makethingshappentoday.com\/?page_id=1729"},"modified":"2018-05-26T11:58:26","modified_gmt":"2018-05-26T11:58:26","slug":"privacy-policy","status":"publish","type":"page","link":"https:\/\/makethingshappentoday.com\/de\/privacy-policy\/","title":{"rendered":"Privacy Policy"},"content":{"rendered":"<p style=\"text-align:justify;\"><b>W zwi\u0105zku z wchodz\u0105cymi w \u017cycie 25 maja 2018 nowymi przepisami dotycz\u0105cymi ochrony danych osobowych (RODO), pragniemy poinformowa\u0107, i\u017c w naszej bazie znajduj\u0105 si\u0119 tylko i wy\u0142\u0105cznie dane osobowe os\u00f3b, kt\u00f3re same, dobrowolnie, wyrazi\u0142y ch\u0119\u0107 kontaktu e-mail&#8217;owego z nami poprzez formularz kontaktowy dost\u0119pny na naszej stronie i\u00a0 dochowali\u015bmy wszelkich stara\u0144, aby zadba\u0107 o ich bezpiecze\u0144stwo.<\/b><\/p>\n<p style=\"text-align:justify;\"><b>Nie zbieramy automatycznie informacji od os\u00f3b odwiedzaj\u0105cych nasz\u0105 stron\u0119.<\/b><\/p>\n<p style=\"text-align:justify;\"><b><a href=\"https:\/\/makethingshappentoday.com\/de\/\" rel=\"nofollow\">http:\/\/www.makethingshappentoday.com<\/a> to blog, wspierany przez (powered by)\u00a0 WordPress.\u00a0Dostarczamy tylko artyku\u0142y i informacje. Nigdy nie pytamy o numery kart kredytowych. Nie wysy\u0142amy Newsletter\u00f3w.<\/b><\/p>\n<p>Jako administrator Make Things Happen Today przetwarza wy\u0142\u0105cznie dane osobowe os\u00f3b wspomnianych w pierwszym akapicie w celach zwi\u0105zanych ze \u015bwiadczeniem us\u0142ug, w celach marketingowych, a tak\u017ce w zwi\u0105zku z ewentualnym dochodzeniem roszcze\u0144 po wyga\u015bni\u0119ciu umowy lub zrealizowaniu us\u0142ugi.<\/p>\n<p>Poni\u017cej kilka szczeg\u00f3\u0142owych informacji dla os\u00f3b, wspomnianych w pierwszym akapicie &#8211; zach\u0119cam do zapoznania si\u0119 z nimi:<\/p>\n<p>&nbsp;<\/p>\n<ol>\n<li>Nasze dane kontaktowe to:\n<div class=\"vk_sh vk_bk\">W\u00fchlischstra\u00dfe 26, 10245 Berlin, Niemcy<\/div>\n<\/li>\n<li>W ka\u017cdej sprawie dotycz\u0105cej przetwarzania Pani\/Pana danych osobowych mo\u017ce Pani\/Pan skontaktowa\u0107 si\u0119 z nami poprzez e-mail: weber.roksana@gmail.com.<\/li>\n<li>Podstaw\u0105 prawn\u0105 przetwarzania Pani\/Pana danych osobowych jest niezb\u0119dno\u015b\u0107 tego przetwarzania do wykonania umowy (je\u015bli zawarta zosta\u0142a umowa dot. \u015bwiadczenia us\u0142ug), a tak\u017ce nasz uzasadniony interes w celu poprawy jako\u015bci us\u0142ug, umo\u017cliwienia dochodzenia ewentualnych roszcze\u0144 oraz na mo\u017cliwo\u015bci zapytania Pani\/Pana o zgod\u0119 niezb\u0119dn\u0105 do przedstawienia naszej oferty handlowej.<\/li>\n<li>Pani\/Pana dane osobowe przetwarzane s\u0105 na zasadzie dobrowolno\u015bci i b\u0119d\u0105 przetwarzane tylko tak d\u0142ugo, jak d\u0142ugo s\u0105 niezb\u0119dne do realizowania ww. cel\u00f3w lub do momentu, gdy wyrazi Pani\/Pan skuteczny sprzeciw wobec ich przetwarzania. Okres przetwarzania danych osobowych mo\u017ce zosta\u0107 ka\u017cdorazowo przed\u0142u\u017cony o okres przedawnienia roszcze\u0144, je\u017celi przetwarzanie danych osobowych b\u0119dzie niezb\u0119dne dla dochodzenia ewentualnych roszcze\u0144 lub obrony przed takimi roszczeniami.<\/li>\n<li>Pani\/Pana dane osobowe mog\u0105 by\u0107 przekazywane naszym podwykonawcom, w szczeg\u00f3lno\u015bci dostawcom rozwi\u0105za\u0144 informatycznych, wy\u0142\u0105cznie w zwi\u0105zku z realizacj\u0105 naszych cel\u00f3w.<\/li>\n<li>Przys\u0142uguje Pani\/Panu prawo \u017c\u0105dania dost\u0119pu do tre\u015bci danych oraz ich sprostowania, usuni\u0119cia, ograniczenia przetwarzania, jak r\u00f3wnie\u017c prawo do przenoszenia danych osobowych. Przys\u0142uguje ponadto Pani\/Panu prawo wniesienia sprzeciwu wzgl\u0119dem przetwarzania danych na podstawie uzasadnionego interesu z przyczyn uzasadnionych Pani\/Pana szczeg\u00f3ln\u0105 sytuacj\u0105.<\/li>\n<li>Przys\u0142uguje Pani\/ Panu tak\u017ce prawo wniesienia skargi do organu nadzorczego zajmuj\u0105cego si\u0119 ochron\u0105 danych osobowych, gdy uzna Pani\/Pan, \u017ce przetwarzanie danych osobowych Make Things Happen Today Roksana Weber narusza przepisy Rozporz\u0105dzenia.<\/li>\n<\/ol>\n<p><b><\/b><br \/>\nTo tyle.<\/p>\n<p>Pozdrawiam i \u017cycz\u0119 s\u0142onecznego dnia,<\/p>\n<p>Roksana Maria Weber<\/p>\n<p><strong>Here you are more information about our Privacy Policy in English, just\u00a0<a href=\"https:\/\/makethingshappentoday.com\/de\/more-about-our-privacy-policy\/\">\u00a0cilck!<\/a><\/strong><\/p>","protected":false},"excerpt":{"rendered":"<p>W zwi\u0105zku z wchodz\u0105cymi w \u017cycie 25 maja 2018 nowymi przepisami dotycz\u0105cymi ochrony danych osobowych (RODO), pragniemy poinformowa\u0107, i\u017c w naszej bazie znajduj\u0105 si\u0119 tylko i wy\u0142\u0105cznie dane osobowe os\u00f3b, kt\u00f3re same, dobrowolnie, wyrazi\u0142y ch\u0119\u0107 kontaktu e-mail&#8217;owego z nami poprzez formularz kontaktowy dost\u0119pny na naszej stronie i\u00a0 dochowali\u015bmy wszelkich stara\u0144, aby zadba\u0107 o ich bezpiecze\u0144stwo. &hellip; <a href=\"https:\/\/makethingshappentoday.com\/de\/privacy-policy\/\" class=\"more-link\">Weiterlesen <span class=\"screen-reader-text\">Privacy Policy<\/span><\/a><\/p>","protected":false},"author":112134480,"featured_media":0,"parent":0,"menu_order":0,"comment_status":"closed","ping_status":"closed","template":"","meta":{"_coblocks_attr":"","_coblocks_dimensions":"","_coblocks_responsive_height":"","_coblocks_accordion_ie_support":"","_crdt_document":"","footnotes":""},"class_list":["post-1729","page","type-page","status-publish","hentry","without-featured-image"],"jetpack_likes_enabled":true,"jetpack_sharing_enabled":false,"jetpack_shortlink":"https:\/\/wp.me\/P82olW-rT","jetpack-related-posts":[{"id":5637,"url":"https:\/\/makethingshappentoday.com\/de\/webinary-psychologiczne\/","url_meta":{"origin":1729,"position":0},"title":"Webinary &#8211; psychologia, komunikacja, rozw\u00f3j i wsparcie","author":"Make Things Happen Today","date":"27\/05\/2025","format":false,"excerpt":"Na tej stronie znajdziesz aktualne webinary psychologiczne, kt\u00f3re poruszaj\u0105 tematy komunikacji, rozwoju osobistego i wsparcia emocjonalnego. Wszystkie wydarzenia prowadz\u0119 osobi\u015bcie Roksana Maria Weber \u2013 psycholog, psychoterapeutka w trakcie szkolenia CBT, life coach i mentor. Webinary psychologiczne prowadzone na \u017cywo! Webinary maj\u0105 form\u0119 spotka\u0144 na \u017cywo, podczas kt\u00f3rych uczestnicy zyskuj\u0105 konkretn\u0105\u2026","rel":"","context":"\u00c4hnlicher Beitrag","block_context":{"text":"\u00c4hnlicher Beitrag","link":""},"img":{"alt_text":"","src":"https:\/\/i0.wp.com\/makethingshappentoday.com\/wp-content\/uploads\/2026\/03\/Spotkanie-online-geri-.png?resize=350%2C200&ssl=1","width":350,"height":200,"srcset":"https:\/\/i0.wp.com\/makethingshappentoday.com\/wp-content\/uploads\/2026\/03\/Spotkanie-online-geri-.png?resize=350%2C200&ssl=1 1x, https:\/\/i0.wp.com\/makethingshappentoday.com\/wp-content\/uploads\/2026\/03\/Spotkanie-online-geri-.png?resize=525%2C300&ssl=1 1.5x, https:\/\/i0.wp.com\/makethingshappentoday.com\/wp-content\/uploads\/2026\/03\/Spotkanie-online-geri-.png?resize=700%2C400&ssl=1 2x"},"classes":[]},{"id":4925,"url":"https:\/\/makethingshappentoday.com\/de\/polityka-prywatnosci\/","url_meta":{"origin":1729,"position":1},"title":"\ud83c\uddf5\ud83c\uddf1 Datenschutzrichtlinie","author":"Make Things Happen Today","date":"01\/03\/2025","format":false,"excerpt":"Ostatnia aktualizacja: 1.03.2025 Twoja prywatno\u015b\u0107 jest dla nas wa\u017cna. Niniejsza Polityka Prywatno\u015bci opisuje, jakie dane zbieramy, jak je przetwarzamy i przechowujemy, gdy odwiedzasz https:\/\/makethingshappentoday.com. 1. Kto jest administratorem Twoich danych? Administratorem danych jest: \ud83d\udccd Roksana M. Weber \ud83d\udce7 E-mail: weber.roksana@gmail.com \ud83d\udccd Adres: Dorfaue 13, 15738 Zeuthen, DE 2. Jakie dane\u2026","rel":"","context":"\u00c4hnlicher Beitrag","block_context":{"text":"\u00c4hnlicher Beitrag","link":""},"img":{"alt_text":"","src":"","width":0,"height":0},"classes":[]},{"id":3883,"url":"https:\/\/makethingshappentoday.com\/de\/umow-sie-na-wizyte-psycholog-online\/","url_meta":{"origin":1729,"position":2},"title":"Jetzt Termin sichern","author":"Make Things Happen Today","date":"28\/09\/2024","format":false,"excerpt":"Um\u00f3w si\u0119 na wizyt\u0119 \u2013 szybko, bezpiecznie i z pe\u0142nym wsparciem. Ciesz\u0119 si\u0119, \u017ce tutaj jeste\u015b. Je\u015bli chcesz um\u00f3wi\u0107 si\u0119 na wizyt\u0119 i szukasz wsparcia psychologicznego, jeste\u015b we w\u0142a\u015bciwym miejscu. Prowadz\u0119 konsultacje psychologiczne online i stacjonarne. Pracuj\u0119 z mieszka\u0144cami Polski i Niemiec, a dzi\u0119ki spotkaniom online wspieram r\u00f3wnie\u017c osoby z\u2026","rel":"","context":"\u00c4hnlicher Beitrag","block_context":{"text":"\u00c4hnlicher Beitrag","link":""},"img":{"alt_text":"Um\u00f3w si\u0119 na wizyt\u0119 - Konsultacje psychologiczne online i stacjonarne \u2013 psycholog S\u0142ubice\/ Frankfurt Oder","src":"https:\/\/i0.wp.com\/makethingshappentoday.com\/wp-content\/uploads\/2025\/05\/psychologiczne-konsultacje-online-biala-kobieta.png?resize=350%2C200&ssl=1","width":350,"height":200,"srcset":"https:\/\/i0.wp.com\/makethingshappentoday.com\/wp-content\/uploads\/2025\/05\/psychologiczne-konsultacje-online-biala-kobieta.png?resize=350%2C200&ssl=1 1x, https:\/\/i0.wp.com\/makethingshappentoday.com\/wp-content\/uploads\/2025\/05\/psychologiczne-konsultacje-online-biala-kobieta.png?resize=525%2C300&ssl=1 1.5x, https:\/\/i0.wp.com\/makethingshappentoday.com\/wp-content\/uploads\/2025\/05\/psychologiczne-konsultacje-online-biala-kobieta.png?resize=700%2C400&ssl=1 2x"},"classes":[]},{"id":3917,"url":"https:\/\/makethingshappentoday.com\/de\/zasady-korzystania-z-wizyt-online\/","url_meta":{"origin":1729,"position":3},"title":"Regeln f\u00fcr die Nutzung von Online-Besuchen","author":"Make Things Happen Today","date":"29\/09\/2024","format":false,"excerpt":"Specjalistyczne wizyty psychologiczne czy coachingowe Online s\u0105 odpowiedzi\u0105 na potrzeby dzisiejszych czas\u00f3w oraz fenomenalnym, a niekiedy jedynym rozwi\u0105zaniem dla wielu potrzebujacych profesjonalnego wsparcia. To nowoczesna i elastyczna forma pomocy prowadzona w spos\u00f3b zdalny za pomoc\u0105 \u015brodk\u00f3w komunikacji elektronicznej (telefon, laptop, Google Meet, WhatsApp, ZOOM i inne) w odr\u00f3\u017cnieniu do tradycyjnej,\u2026","rel":"","context":"\u00c4hnlicher Beitrag","block_context":{"text":"\u00c4hnlicher Beitrag","link":""},"img":{"alt_text":"","src":"https:\/\/i0.wp.com\/makethingshappentoday.com\/wp-content\/uploads\/2024\/09\/iw8a4870-1-edited.jpg?resize=350%2C200&ssl=1","width":350,"height":200,"srcset":"https:\/\/i0.wp.com\/makethingshappentoday.com\/wp-content\/uploads\/2024\/09\/iw8a4870-1-edited.jpg?resize=350%2C200&ssl=1 1x, https:\/\/i0.wp.com\/makethingshappentoday.com\/wp-content\/uploads\/2024\/09\/iw8a4870-1-edited.jpg?resize=525%2C300&ssl=1 1.5x, https:\/\/i0.wp.com\/makethingshappentoday.com\/wp-content\/uploads\/2024\/09\/iw8a4870-1-edited.jpg?resize=700%2C400&ssl=1 2x, https:\/\/i0.wp.com\/makethingshappentoday.com\/wp-content\/uploads\/2024\/09\/iw8a4870-1-edited.jpg?resize=1050%2C600&ssl=1 3x, https:\/\/i0.wp.com\/makethingshappentoday.com\/wp-content\/uploads\/2024\/09\/iw8a4870-1-edited.jpg?resize=1400%2C800&ssl=1 4x"},"classes":[]},{"id":1687,"url":"https:\/\/makethingshappentoday.com\/de\/__trashed-4\/","url_meta":{"origin":1729,"position":4},"title":"O mnie","author":"Make Things Happen Today","date":"01\/03\/2025","format":false,"excerpt":"Psycholog i\u00a0pasjonat komunikacji mi\u0119dzykulturowej, life coach i mentor, a w kr\u00f3tce ju\u017c\u00a0psychoterapeuta poznawczo-behawioralny\ud83e\udec0\ud83d\ude0a\ud83e\udde0,\u00a0czynny zawodowo w jednej z najbardziej przyjaznych pacjentom brandenburskich klinik oraz wielki fan odkrywczych podr\u00f3\u017cy ma\u0142ych i du\u017cych, a przede wszystkim MAMA uroczego\u00a0ch\u0142opca \ud83e\udd31\ud83d\udc95 i \u017cywy dow\u00f3d na to, \u017ce w \u017cyciu mo\u017cna robi\u0107 to na co ma\u2026","rel":"","context":"\u00c4hnlicher Beitrag","block_context":{"text":"\u00c4hnlicher Beitrag","link":""},"img":{"alt_text":"","src":"https:\/\/i0.wp.com\/makethingshappentoday.com\/wp-content\/uploads\/2024\/06\/img_9222-1.jpg?resize=350%2C200","width":350,"height":200,"srcset":"https:\/\/i0.wp.com\/makethingshappentoday.com\/wp-content\/uploads\/2024\/06\/img_9222-1.jpg?resize=350%2C200 1x, https:\/\/i0.wp.com\/makethingshappentoday.com\/wp-content\/uploads\/2024\/06\/img_9222-1.jpg?resize=525%2C300 1.5x, https:\/\/i0.wp.com\/makethingshappentoday.com\/wp-content\/uploads\/2024\/06\/img_9222-1.jpg?resize=700%2C400 2x, https:\/\/i0.wp.com\/makethingshappentoday.com\/wp-content\/uploads\/2024\/06\/img_9222-1.jpg?resize=1050%2C600 3x"},"classes":[]},{"id":1715,"url":"https:\/\/makethingshappentoday.com\/de\/o-mnie\/","url_meta":{"origin":1729,"position":5},"title":"O mnie","author":"Make Things Happen Today","date":"25\/05\/2018","format":false,"excerpt":"Psycholog i\u00a0pasjonat komunikacji mi\u0119dzykulturowej, life coach i mentor, a w kr\u00f3tce ju\u017c\u00a0psychoterapeuta poznawczo-behawioralny\ud83e\udec0\ud83d\ude0a\ud83e\udde0,\u00a0czynny zawodowo w jednej z najbardziej przyjaznych pacjentom brandenburskich klinik oraz wielki fan odkrywczych podr\u00f3\u017cy ma\u0142ych i du\u017cych, a przede wszystkim MAMA uroczego\u00a0ch\u0142opca \ud83e\udd31\ud83d\udc95 i \u017cywy dow\u00f3d na to, \u017ce w \u017cyciu mo\u017cna robi\u0107 to na co ma\u2026","rel":"","context":"\u00c4hnlicher Beitrag","block_context":{"text":"\u00c4hnlicher Beitrag","link":""},"img":{"alt_text":"","src":"https:\/\/i0.wp.com\/makethingshappentoday.com\/wp-content\/uploads\/2018\/05\/scan0002.jpg?resize=350%2C200","width":350,"height":200,"srcset":"https:\/\/i0.wp.com\/makethingshappentoday.com\/wp-content\/uploads\/2018\/05\/scan0002.jpg?resize=350%2C200 1x, https:\/\/i0.wp.com\/makethingshappentoday.com\/wp-content\/uploads\/2018\/05\/scan0002.jpg?resize=525%2C300 1.5x, https:\/\/i0.wp.com\/makethingshappentoday.com\/wp-content\/uploads\/2018\/05\/scan0002.jpg?resize=700%2C400 2x, https:\/\/i0.wp.com\/makethingshappentoday.com\/wp-content\/uploads\/2018\/05\/scan0002.jpg?resize=1050%2C600 3x, https:\/\/i0.wp.com\/makethingshappentoday.com\/wp-content\/uploads\/2018\/05\/scan0002.jpg?resize=1400%2C800 4x"},"classes":[]}],"_links":{"self":[{"href":"https:\/\/makethingshappentoday.com\/de\/wp-json\/wp\/v2\/pages\/1729","targetHints":{"allow":["GET"]}}],"collection":[{"href":"https:\/\/makethingshappentoday.com\/de\/wp-json\/wp\/v2\/pages"}],"about":[{"href":"https:\/\/makethingshappentoday.com\/de\/wp-json\/wp\/v2\/types\/page"}],"author":[{"embeddable":true,"href":"https:\/\/makethingshappentoday.com\/de\/wp-json\/wp\/v2\/users\/112134480"}],"replies":[{"embeddable":true,"href":"https:\/\/makethingshappentoday.com\/de\/wp-json\/wp\/v2\/comments?post=1729"}],"version-history":[{"count":4,"href":"https:\/\/makethingshappentoday.com\/de\/wp-json\/wp\/v2\/pages\/1729\/revisions"}],"predecessor-version":[{"id":1739,"href":"https:\/\/makethingshappentoday.com\/de\/wp-json\/wp\/v2\/pages\/1729\/revisions\/1739"}],"wp:attachment":[{"href":"https:\/\/makethingshappentoday.com\/de\/wp-json\/wp\/v2\/media?parent=1729"}],"curies":[{"name":"wp","href":"https:\/\/api.w.org\/{rel}","templated":true}]}}