{"id":1673,"date":"2018-05-24T22:58:17","date_gmt":"2018-05-24T22:58:17","guid":{"rendered":"http:\/\/makethingshappentoday.com\/?page_id=1673"},"modified":"2025-08-21T07:36:56","modified_gmt":"2025-08-21T07:36:56","slug":"o-mnie-2","status":"publish","type":"page","link":"https:\/\/makethingshappentoday.com\/de\/o-mnie-2\/","title":{"rendered":"O mnie"},"content":{"rendered":"<p class=\"wp-block-paragraph\"><i>Psycholog i\u00a0pasjonat komunikacji mi\u0119dzykulturowej, life coach i mentor, <\/i>und kurz gesagt\u00a0<i>kognitiver Verhaltenspsychotherapeut<\/i>\ud83e\udec0\ud83d\ude0a\ud83e\udde0,<i>\u00a0prowadz\u0105ca w\u0142asn\u0105 praktyk\u0119 psychologiczn<i>\u0105<\/i><\/i> i <i>coachingow<i>\u0105<\/i> na pograniczu polsko-niemieckim oraz wielki fan odkrywczych podr\u00f3\u017cy ma\u0142ych i du\u017cych, a przede wszystkim MAMA uroczego\u00a0ch\u0142opca <\/i>\ud83e\udd31\ud83d\udc95<i> und der lebende Beweis, dass Sie im Leben tun und lassen k\u00f6nnen, was Sie wollen, und trotzdem jeden Tag gl\u00fccklich sein k\u00f6nnen!\u00a0<\/i><\/p>\n\n\n\n<figure class=\"wp-block-image\"><img data-recalc-dims=\"1\" loading=\"lazy\" decoding=\"async\" width=\"620\" height=\"620\" data-attachment-id=\"2321\" data-permalink=\"https:\/\/makethingshappentoday.com\/de\/o-mnie-2\/114b08e4-ae5d-4894-a472-0a57c30415ea-1\/#main\" data-orig-file=\"https:\/\/i0.wp.com\/makethingshappentoday.com\/wp-content\/uploads\/2020\/09\/114b08e4-ae5d-4894-a472-0a57c30415ea-1.png?fit=1080%2C1080&amp;ssl=1\" data-orig-size=\"1080,1080\" data-comments-opened=\"1\" data-image-meta=\"{&quot;aperture&quot;:&quot;0&quot;,&quot;credit&quot;:&quot;&quot;,&quot;camera&quot;:&quot;&quot;,&quot;caption&quot;:&quot;&quot;,&quot;created_timestamp&quot;:&quot;0&quot;,&quot;copyright&quot;:&quot;&quot;,&quot;focal_length&quot;:&quot;0&quot;,&quot;iso&quot;:&quot;0&quot;,&quot;shutter_speed&quot;:&quot;0&quot;,&quot;title&quot;:&quot;&quot;,&quot;orientation&quot;:&quot;0&quot;}\" data-image-title=\"114b08e4-ae5d-4894-a472-0a57c30415ea-1\" data-image-description=\"\" data-image-caption=\"\" data-large-file=\"https:\/\/i0.wp.com\/makethingshappentoday.com\/wp-content\/uploads\/2020\/09\/114b08e4-ae5d-4894-a472-0a57c30415ea-1.png?fit=620%2C620&amp;ssl=1\" src=\"https:\/\/i0.wp.com\/makethingshappentoday.com\/wp-content\/uploads\/2020\/09\/114b08e4-ae5d-4894-a472-0a57c30415ea-1.png?resize=620%2C620&#038;ssl=1\" alt=\"\" class=\"wp-image-2321\"\/><\/figure>\n\n\n\n<p class=\"wp-block-paragraph\"><\/p>\n\n\n\n<p class=\"wp-block-paragraph\">Ich bin auf klinische Psychologie und Lebensberatung spezialisiert und bin zutiefst davon \u00fcberzeugt, dass es den Menschen wirklich gut geht und sie in jedem Moment die bestm\u00f6gliche Entscheidung treffen. Ver\u00e4nderungen sind unvermeidlich und jeder meiner Patienten verf\u00fcgt \u00fcber alle notwendigen Ressourcen, um diese in sich selbst herbeizuf\u00fchren. Was mich an meiner Arbeit reizt, ist die M\u00f6glichkeit, an einem so wichtigen Moment f\u00fcr meinen Patienten aktiv teilzunehmen. Ich liebe es, wenn ich sehe, wie seine innere St\u00e4rke w\u00e4chst, wenn er beginnt, Dinge zu sehen, die ihm vorher verborgen oder v\u00f6llig unzug\u00e4nglich waren, wenn sein Selbstvertrauen zur\u00fcckkehrt, das Ziel klarer wird und der Weg dorthin nicht mehr so be\u00e4ngstigend ist. Dies ist der Moment, den ich ein Wunder nenne. Ich LIEBE diese intensiven Erlebnisse einfach! \u2764 \\ (\u2022\u25e1\u2022) \/<\/p>\n\n\n\n<p class=\"wp-block-paragraph\"><strong>Mein Ziel. Meine Mission<\/strong>:<\/p>\n\n\n\n<p class=\"wp-block-paragraph\">Mein Ziel ist es, das Leben in vollen Z\u00fcgen zu genie\u00dfen \u2013 auf 100%. Ich wei\u00df, dass ich gut bin in dem, was ich tue, und deshalb strebe ich jeden Tag danach, ein noch besserer Mensch, Psychologe und eine noch bewusstere, unterst\u00fctzendere Mutter zu sein. Ich m\u00f6chte immer mehr Freude am Leben haben und andere dabei unterst\u00fctzen, die Lebensqualit\u00e4t zu verbessern und innere St\u00e4rke und Harmonie zu finden.<\/p>\n\n\n\n<p class=\"wp-block-paragraph\"><strong>Meine Absicht ist <\/strong>anderen dabei zu helfen, das Leben in vollen Z\u00fcgen zu entdecken und zu erleben \u2013 ungeachtet der Herausforderungen, denen sie auf dem Weg begegnen.<\/p>\n\n\n\n<p class=\"wp-block-paragraph\">Die Themen, die ich behandle, sind:<\/p>\n\n\n\n<ul class=\"wp-block-list\">\n<li>Krisenintervention (Kinder und Erwachsene)<\/li>\n\n\n\n<li>Schmerz, Krankheit, Tod, Verlust im weitesten Sinne<\/li>\n\n\n\n<li>Psychogerontologie: Betreuung und Unterst\u00fctzung sowohl geriatrischer Patienten als auch ihrer Angeh\u00f6rigen<\/li>\n\n\n\n<li>Psychoonkologie: Betreuung und Unterst\u00fctzung sowohl onkologischer Patienten als auch ihrer Angeh\u00f6rigen<\/li>\n\n\n\n<li>Trauma im weitesten Sinne<\/li>\n\n\n\n<li>mit Angst arbeiten<\/li>\n\n\n\n<li>Leiden und Depressionen<\/li>\n\n\n\n<li>Beziehungspsychologie, Liebespsychologie<\/li>\n\n\n\n<li>Scheidung<\/li>\n\n\n\n<li>elterliches und berufliches Burnout<\/li>\n\n\n\n<li>Stress am Arbeitsplatz, Mobbing<\/li>\n\n\n\n<li>Arbeitsplatzwechsel<\/li>\n\n\n\n<li>\u00c4nderung des Lebensstils<\/li>\n\n\n\n<li>Emotionen und Gef\u00fchle<\/li>\n\n\n\n<li>der Weg zu dir selbst<\/li>\n\n\n\n<li>auf der Suche nach Gl\u00fcck (<em>dieses Etwas im Leben)&nbsp;<\/em><\/li>\n\n\n\n<li>Ziele und Verwirklichung von Tr\u00e4umen<\/li>\n<\/ul>\n\n\n\n<p class=\"wp-block-paragraph\">Ich f\u00fchre Sitzungen auf Polnisch, Deutsch und Englisch durch. In meiner Arbeit kombiniere ich unglaublich wirksame, durch Forschung unterst\u00fctzte Techniken aus den therapeutischen Schulen, die mir am meisten am Herzen liegen: kognitiv\/dialektisch-verhaltenstherapeutisch, Akzeptanz und Commitment (ACT) und Gestalt. Ich liebe die Arbeit mit dem K\u00f6rper und nutze dabei die therapeutische Kraft der Stimme, Ber\u00fchrung und\/oder Musik. T\u00e4glich betreue ich Patienten in einer Klinik in Frankfurt (Oder), lade Sie aber auch zu Einzelsitzungen online ein.<br><strong>Mein Motto:&nbsp;<\/strong>SORGEN SIE DARAN, DASS HEUTE ETWAS PASSIERT \ud83d\ude42 Verpassen Sie nichts in Ihrem Leben!<\/p>\n\n\n\n<p class=\"wp-block-paragraph\">Roxana<\/p>\n\n\n\n<figure class=\"wp-block-gallery has-nested-images columns-3 is-cropped wp-block-gallery-1 is-layout-flex wp-block-gallery-is-layout-flex\">\n<figure class=\"wp-block-image size-large\"><img data-recalc-dims=\"1\" loading=\"lazy\" decoding=\"async\" width=\"620\" height=\"860\" data-attachment-id=\"3343\" data-permalink=\"https:\/\/makethingshappentoday.com\/de\/screenshot-2\/\" data-orig-file=\"https:\/\/i0.wp.com\/makethingshappentoday.com\/wp-content\/uploads\/2024\/06\/img_9224-1.jpg?fit=1125%2C1560&amp;ssl=1\" data-orig-size=\"1125,1560\" data-comments-opened=\"1\" data-image-meta=\"{&quot;aperture&quot;:&quot;0&quot;,&quot;credit&quot;:&quot;&quot;,&quot;camera&quot;:&quot;&quot;,&quot;caption&quot;:&quot;Screenshot&quot;,&quot;created_timestamp&quot;:&quot;1717431332&quot;,&quot;copyright&quot;:&quot;&quot;,&quot;focal_length&quot;:&quot;0&quot;,&quot;iso&quot;:&quot;0&quot;,&quot;shutter_speed&quot;:&quot;0&quot;,&quot;title&quot;:&quot;Screenshot&quot;,&quot;orientation&quot;:&quot;1&quot;}\" data-image-title=\"Screenshot\" data-image-description=\"\" data-image-caption=\"\" data-large-file=\"https:\/\/i0.wp.com\/makethingshappentoday.com\/wp-content\/uploads\/2024\/06\/img_9224-1.jpg?fit=620%2C860&amp;ssl=1\" data-id=\"3343\" src=\"https:\/\/i0.wp.com\/makethingshappentoday.com\/wp-content\/uploads\/2024\/06\/img_9224-1.jpg?resize=620%2C860&#038;ssl=1\" alt=\"\" class=\"wp-image-3343\"\/><\/figure>\n\n\n\n<figure class=\"wp-block-image size-large\"><img data-recalc-dims=\"1\" loading=\"lazy\" decoding=\"async\" width=\"620\" height=\"870\" data-attachment-id=\"3344\" data-permalink=\"https:\/\/makethingshappentoday.com\/de\/screenshot-3\/\" data-orig-file=\"https:\/\/i0.wp.com\/makethingshappentoday.com\/wp-content\/uploads\/2024\/06\/img_9222-1.jpg?fit=1125%2C1578&amp;ssl=1\" data-orig-size=\"1125,1578\" data-comments-opened=\"1\" data-image-meta=\"{&quot;aperture&quot;:&quot;0&quot;,&quot;credit&quot;:&quot;&quot;,&quot;camera&quot;:&quot;&quot;,&quot;caption&quot;:&quot;Screenshot&quot;,&quot;created_timestamp&quot;:&quot;1717431252&quot;,&quot;copyright&quot;:&quot;&quot;,&quot;focal_length&quot;:&quot;0&quot;,&quot;iso&quot;:&quot;0&quot;,&quot;shutter_speed&quot;:&quot;0&quot;,&quot;title&quot;:&quot;Screenshot&quot;,&quot;orientation&quot;:&quot;1&quot;}\" data-image-title=\"Screenshot\" data-image-description=\"\" data-image-caption=\"\" data-large-file=\"https:\/\/i0.wp.com\/makethingshappentoday.com\/wp-content\/uploads\/2024\/06\/img_9222-1.jpg?fit=620%2C870&amp;ssl=1\" data-id=\"3344\" src=\"https:\/\/i0.wp.com\/makethingshappentoday.com\/wp-content\/uploads\/2024\/06\/img_9222-1.jpg?resize=620%2C870&#038;ssl=1\" alt=\"\" class=\"wp-image-3344\"\/><\/figure>\n\n\n\n<figure class=\"wp-block-image size-large\"><img data-recalc-dims=\"1\" loading=\"lazy\" decoding=\"async\" width=\"620\" height=\"876\" data-attachment-id=\"1649\" data-permalink=\"https:\/\/makethingshappentoday.com\/de\/o-mnie-2\/aboutme\/scan0002\/#main\" data-orig-file=\"https:\/\/i0.wp.com\/makethingshappentoday.com\/wp-content\/uploads\/2018\/05\/scan0002.jpg?fit=1654%2C2338&amp;ssl=1\" data-orig-size=\"1654,2338\" data-comments-opened=\"1\" data-image-meta=\"{&quot;aperture&quot;:&quot;0&quot;,&quot;credit&quot;:&quot;&quot;,&quot;camera&quot;:&quot;&quot;,&quot;caption&quot;:&quot;&quot;,&quot;created_timestamp&quot;:&quot;0&quot;,&quot;copyright&quot;:&quot;&quot;,&quot;focal_length&quot;:&quot;0&quot;,&quot;iso&quot;:&quot;0&quot;,&quot;shutter_speed&quot;:&quot;0&quot;,&quot;title&quot;:&quot;&quot;,&quot;orientation&quot;:&quot;0&quot;}\" data-image-title=\"Scan0002\" data-image-description=\"\" data-image-caption=\"\" data-large-file=\"https:\/\/i0.wp.com\/makethingshappentoday.com\/wp-content\/uploads\/2018\/05\/scan0002.jpg?fit=620%2C876&amp;ssl=1\" data-id=\"1649\" src=\"https:\/\/i0.wp.com\/makethingshappentoday.com\/wp-content\/uploads\/2018\/05\/scan0002.jpg?resize=620%2C876&#038;ssl=1\" alt=\"\" class=\"wp-image-1649\"\/><\/figure>\n\n\n\n<figure class=\"wp-block-image size-large\"><img data-recalc-dims=\"1\" loading=\"lazy\" decoding=\"async\" width=\"620\" height=\"439\" data-attachment-id=\"1651\" data-permalink=\"https:\/\/makethingshappentoday.com\/de\/o-mnie-2\/aboutme\/scan0004\/#main\" data-orig-file=\"https:\/\/i0.wp.com\/makethingshappentoday.com\/wp-content\/uploads\/2018\/05\/scan0004.jpg?fit=2338%2C1654&amp;ssl=1\" data-orig-size=\"2338,1654\" data-comments-opened=\"1\" data-image-meta=\"{&quot;aperture&quot;:&quot;0&quot;,&quot;credit&quot;:&quot;&quot;,&quot;camera&quot;:&quot;&quot;,&quot;caption&quot;:&quot;&quot;,&quot;created_timestamp&quot;:&quot;0&quot;,&quot;copyright&quot;:&quot;&quot;,&quot;focal_length&quot;:&quot;0&quot;,&quot;iso&quot;:&quot;0&quot;,&quot;shutter_speed&quot;:&quot;0&quot;,&quot;title&quot;:&quot;&quot;,&quot;orientation&quot;:&quot;0&quot;}\" data-image-title=\"Scan0004\" data-image-description=\"\" data-image-caption=\"\" data-large-file=\"https:\/\/i0.wp.com\/makethingshappentoday.com\/wp-content\/uploads\/2018\/05\/scan0004.jpg?fit=620%2C439&amp;ssl=1\" data-id=\"1651\" src=\"https:\/\/i0.wp.com\/makethingshappentoday.com\/wp-content\/uploads\/2018\/05\/scan0004.jpg?resize=620%2C439&#038;ssl=1\" alt=\"\" class=\"wp-image-1651\"\/><\/figure>\n\n\n\n<figure class=\"wp-block-image size-large\"><img data-recalc-dims=\"1\" loading=\"lazy\" decoding=\"async\" width=\"620\" height=\"439\" data-attachment-id=\"1652\" data-permalink=\"https:\/\/makethingshappentoday.com\/de\/o-mnie-2\/aboutme\/scan0005\/#main\" data-orig-file=\"https:\/\/i0.wp.com\/makethingshappentoday.com\/wp-content\/uploads\/2018\/05\/scan0005.jpg?fit=2338%2C1654&amp;ssl=1\" data-orig-size=\"2338,1654\" data-comments-opened=\"1\" data-image-meta=\"{&quot;aperture&quot;:&quot;0&quot;,&quot;credit&quot;:&quot;&quot;,&quot;camera&quot;:&quot;&quot;,&quot;caption&quot;:&quot;&quot;,&quot;created_timestamp&quot;:&quot;0&quot;,&quot;copyright&quot;:&quot;&quot;,&quot;focal_length&quot;:&quot;0&quot;,&quot;iso&quot;:&quot;0&quot;,&quot;shutter_speed&quot;:&quot;0&quot;,&quot;title&quot;:&quot;&quot;,&quot;orientation&quot;:&quot;0&quot;}\" data-image-title=\"Scan0005\" data-image-description=\"\" data-image-caption=\"\" data-large-file=\"https:\/\/i0.wp.com\/makethingshappentoday.com\/wp-content\/uploads\/2018\/05\/scan0005.jpg?fit=620%2C439&amp;ssl=1\" data-id=\"1652\" src=\"https:\/\/i0.wp.com\/makethingshappentoday.com\/wp-content\/uploads\/2018\/05\/scan0005.jpg?resize=620%2C439&#038;ssl=1\" alt=\"\" class=\"wp-image-1652\"\/><\/figure>\n<\/figure>","protected":false},"excerpt":{"rendered":"<p>Psycholog i\u00a0pasjonat komunikacji mi\u0119dzykulturowej, life coach i mentor, a w kr\u00f3tce ju\u017c\u00a0psychoterapeuta poznawczo-behawioralny\ud83e\udec0\ud83d\ude0a\ud83e\udde0,\u00a0prowadz\u0105ca w\u0142asn\u0105 praktyk\u0119 psychologiczn\u0105 i coachingow\u0105 na pograniczu polsko-niemieckim oraz wielki fan odkrywczych podr\u00f3\u017cy ma\u0142ych i du\u017cych, a przede wszystkim MAMA uroczego\u00a0ch\u0142opca \ud83e\udd31\ud83d\udc95 i \u017cywy dow\u00f3d na to, \u017ce w \u017cyciu mo\u017cna robi\u0107 to na co ma si\u0119 tylko ochot\u0119 i by\u0107 szcz\u0119\u015bliwym &hellip; <a href=\"https:\/\/makethingshappentoday.com\/de\/o-mnie-2\/\" class=\"more-link\">Weiterlesen <span class=\"screen-reader-text\">O mnie<\/span><\/a><\/p>","protected":false},"author":112134480,"featured_media":1695,"parent":0,"menu_order":0,"comment_status":"closed","ping_status":"closed","template":"","meta":{"_coblocks_attr":"","_coblocks_dimensions":"","_coblocks_responsive_height":"","_coblocks_accordion_ie_support":"","_crdt_document":"","footnotes":""},"class_list":["post-1673","page","type-page","status-publish","has-post-thumbnail","hentry","with-featured-image"],"jetpack_likes_enabled":true,"jetpack_sharing_enabled":true,"jetpack_shortlink":"https:\/\/wp.me\/P82olW-qZ","jetpack-related-posts":[{"id":5637,"url":"https:\/\/makethingshappentoday.com\/de\/webinary-psychologiczne\/","url_meta":{"origin":1673,"position":0},"title":"Webinary &#8211; psychologia, komunikacja, rozw\u00f3j i wsparcie","author":"Make Things Happen Today","date":"27\/05\/2025","format":false,"excerpt":"Na tej stronie znajdziesz aktualne webinary psychologiczne, kt\u00f3re poruszaj\u0105 tematy komunikacji, rozwoju osobistego i wsparcia emocjonalnego. Wszystkie wydarzenia prowadz\u0119 osobi\u015bcie Roksana Maria Weber \u2013 psycholog, psychoterapeutka w trakcie szkolenia CBT, life coach i mentor. Webinary psychologiczne prowadzone na \u017cywo! Webinary maj\u0105 form\u0119 spotka\u0144 na \u017cywo, podczas kt\u00f3rych uczestnicy zyskuj\u0105 konkretn\u0105\u2026","rel":"","context":"\u00c4hnlicher Beitrag","block_context":{"text":"\u00c4hnlicher Beitrag","link":""},"img":{"alt_text":"","src":"https:\/\/i0.wp.com\/makethingshappentoday.com\/wp-content\/uploads\/2026\/03\/Spotkanie-online-geri-.png?resize=350%2C200&ssl=1","width":350,"height":200,"srcset":"https:\/\/i0.wp.com\/makethingshappentoday.com\/wp-content\/uploads\/2026\/03\/Spotkanie-online-geri-.png?resize=350%2C200&ssl=1 1x, https:\/\/i0.wp.com\/makethingshappentoday.com\/wp-content\/uploads\/2026\/03\/Spotkanie-online-geri-.png?resize=525%2C300&ssl=1 1.5x, https:\/\/i0.wp.com\/makethingshappentoday.com\/wp-content\/uploads\/2026\/03\/Spotkanie-online-geri-.png?resize=700%2C400&ssl=1 2x"},"classes":[]},{"id":3917,"url":"https:\/\/makethingshappentoday.com\/de\/zasady-korzystania-z-wizyt-online\/","url_meta":{"origin":1673,"position":1},"title":"Regeln f\u00fcr die Nutzung von Online-Besuchen","author":"Make Things Happen Today","date":"29\/09\/2024","format":false,"excerpt":"Specjalistyczne wizyty psychologiczne czy coachingowe Online s\u0105 odpowiedzi\u0105 na potrzeby dzisiejszych czas\u00f3w oraz fenomenalnym, a niekiedy jedynym rozwi\u0105zaniem dla wielu potrzebujacych profesjonalnego wsparcia. To nowoczesna i elastyczna forma pomocy prowadzona w spos\u00f3b zdalny za pomoc\u0105 \u015brodk\u00f3w komunikacji elektronicznej (telefon, laptop, Google Meet, WhatsApp, ZOOM i inne) w odr\u00f3\u017cnieniu do tradycyjnej,\u2026","rel":"","context":"\u00c4hnlicher Beitrag","block_context":{"text":"\u00c4hnlicher Beitrag","link":""},"img":{"alt_text":"","src":"https:\/\/i0.wp.com\/makethingshappentoday.com\/wp-content\/uploads\/2024\/09\/iw8a4870-1-edited.jpg?resize=350%2C200&ssl=1","width":350,"height":200,"srcset":"https:\/\/i0.wp.com\/makethingshappentoday.com\/wp-content\/uploads\/2024\/09\/iw8a4870-1-edited.jpg?resize=350%2C200&ssl=1 1x, https:\/\/i0.wp.com\/makethingshappentoday.com\/wp-content\/uploads\/2024\/09\/iw8a4870-1-edited.jpg?resize=525%2C300&ssl=1 1.5x, https:\/\/i0.wp.com\/makethingshappentoday.com\/wp-content\/uploads\/2024\/09\/iw8a4870-1-edited.jpg?resize=700%2C400&ssl=1 2x, https:\/\/i0.wp.com\/makethingshappentoday.com\/wp-content\/uploads\/2024\/09\/iw8a4870-1-edited.jpg?resize=1050%2C600&ssl=1 3x, https:\/\/i0.wp.com\/makethingshappentoday.com\/wp-content\/uploads\/2024\/09\/iw8a4870-1-edited.jpg?resize=1400%2C800&ssl=1 4x"},"classes":[]},{"id":3883,"url":"https:\/\/makethingshappentoday.com\/de\/umow-sie-na-wizyte-psycholog-online\/","url_meta":{"origin":1673,"position":2},"title":"Jetzt Termin sichern","author":"Make Things Happen Today","date":"28\/09\/2024","format":false,"excerpt":"Um\u00f3w si\u0119 na wizyt\u0119 \u2013 szybko, bezpiecznie i z pe\u0142nym wsparciem. Ciesz\u0119 si\u0119, \u017ce tutaj jeste\u015b. Je\u015bli chcesz um\u00f3wi\u0107 si\u0119 na wizyt\u0119 i szukasz wsparcia psychologicznego, jeste\u015b we w\u0142a\u015bciwym miejscu. Prowadz\u0119 konsultacje psychologiczne online i stacjonarne. Pracuj\u0119 z mieszka\u0144cami Polski i Niemiec, a dzi\u0119ki spotkaniom online wspieram r\u00f3wnie\u017c osoby z\u2026","rel":"","context":"\u00c4hnlicher Beitrag","block_context":{"text":"\u00c4hnlicher Beitrag","link":""},"img":{"alt_text":"Um\u00f3w si\u0119 na wizyt\u0119 - Konsultacje psychologiczne online i stacjonarne \u2013 psycholog S\u0142ubice\/ Frankfurt Oder","src":"https:\/\/i0.wp.com\/makethingshappentoday.com\/wp-content\/uploads\/2025\/05\/psychologiczne-konsultacje-online-biala-kobieta.png?resize=350%2C200&ssl=1","width":350,"height":200,"srcset":"https:\/\/i0.wp.com\/makethingshappentoday.com\/wp-content\/uploads\/2025\/05\/psychologiczne-konsultacje-online-biala-kobieta.png?resize=350%2C200&ssl=1 1x, https:\/\/i0.wp.com\/makethingshappentoday.com\/wp-content\/uploads\/2025\/05\/psychologiczne-konsultacje-online-biala-kobieta.png?resize=525%2C300&ssl=1 1.5x, https:\/\/i0.wp.com\/makethingshappentoday.com\/wp-content\/uploads\/2025\/05\/psychologiczne-konsultacje-online-biala-kobieta.png?resize=700%2C400&ssl=1 2x"},"classes":[]},{"id":1687,"url":"https:\/\/makethingshappentoday.com\/de\/__trashed-4\/","url_meta":{"origin":1673,"position":3},"title":"O mnie","author":"Make Things Happen Today","date":"01\/03\/2025","format":false,"excerpt":"Psycholog i\u00a0pasjonat komunikacji mi\u0119dzykulturowej, life coach i mentor, a w kr\u00f3tce ju\u017c\u00a0psychoterapeuta poznawczo-behawioralny\ud83e\udec0\ud83d\ude0a\ud83e\udde0,\u00a0czynny zawodowo w jednej z najbardziej przyjaznych pacjentom brandenburskich klinik oraz wielki fan odkrywczych podr\u00f3\u017cy ma\u0142ych i du\u017cych, a przede wszystkim MAMA uroczego\u00a0ch\u0142opca \ud83e\udd31\ud83d\udc95 i \u017cywy dow\u00f3d na to, \u017ce w \u017cyciu mo\u017cna robi\u0107 to na co ma\u2026","rel":"","context":"\u00c4hnlicher Beitrag","block_context":{"text":"\u00c4hnlicher Beitrag","link":""},"img":{"alt_text":"","src":"https:\/\/i0.wp.com\/makethingshappentoday.com\/wp-content\/uploads\/2024\/06\/img_9222-1.jpg?resize=350%2C200","width":350,"height":200,"srcset":"https:\/\/i0.wp.com\/makethingshappentoday.com\/wp-content\/uploads\/2024\/06\/img_9222-1.jpg?resize=350%2C200 1x, https:\/\/i0.wp.com\/makethingshappentoday.com\/wp-content\/uploads\/2024\/06\/img_9222-1.jpg?resize=525%2C300 1.5x, https:\/\/i0.wp.com\/makethingshappentoday.com\/wp-content\/uploads\/2024\/06\/img_9222-1.jpg?resize=700%2C400 2x, https:\/\/i0.wp.com\/makethingshappentoday.com\/wp-content\/uploads\/2024\/06\/img_9222-1.jpg?resize=1050%2C600 3x"},"classes":[]},{"id":1715,"url":"https:\/\/makethingshappentoday.com\/de\/o-mnie\/","url_meta":{"origin":1673,"position":4},"title":"O mnie","author":"Make Things Happen Today","date":"25\/05\/2018","format":false,"excerpt":"Psycholog i\u00a0pasjonat komunikacji mi\u0119dzykulturowej, life coach i mentor, a w kr\u00f3tce ju\u017c\u00a0psychoterapeuta poznawczo-behawioralny\ud83e\udec0\ud83d\ude0a\ud83e\udde0,\u00a0czynny zawodowo w jednej z najbardziej przyjaznych pacjentom brandenburskich klinik oraz wielki fan odkrywczych podr\u00f3\u017cy ma\u0142ych i du\u017cych, a przede wszystkim MAMA uroczego\u00a0ch\u0142opca \ud83e\udd31\ud83d\udc95 i \u017cywy dow\u00f3d na to, \u017ce w \u017cyciu mo\u017cna robi\u0107 to na co ma\u2026","rel":"","context":"\u00c4hnlicher Beitrag","block_context":{"text":"\u00c4hnlicher Beitrag","link":""},"img":{"alt_text":"","src":"https:\/\/i0.wp.com\/makethingshappentoday.com\/wp-content\/uploads\/2018\/05\/scan0002.jpg?resize=350%2C200","width":350,"height":200,"srcset":"https:\/\/i0.wp.com\/makethingshappentoday.com\/wp-content\/uploads\/2018\/05\/scan0002.jpg?resize=350%2C200 1x, https:\/\/i0.wp.com\/makethingshappentoday.com\/wp-content\/uploads\/2018\/05\/scan0002.jpg?resize=525%2C300 1.5x, https:\/\/i0.wp.com\/makethingshappentoday.com\/wp-content\/uploads\/2018\/05\/scan0002.jpg?resize=700%2C400 2x, https:\/\/i0.wp.com\/makethingshappentoday.com\/wp-content\/uploads\/2018\/05\/scan0002.jpg?resize=1050%2C600 3x, https:\/\/i0.wp.com\/makethingshappentoday.com\/wp-content\/uploads\/2018\/05\/scan0002.jpg?resize=1400%2C800 4x"},"classes":[]},{"id":5220,"url":"https:\/\/makethingshappentoday.com\/de\/o-mnie-2\/o-mnie-3\/","url_meta":{"origin":1673,"position":5},"title":"O mnie","author":"Make Things Happen Today","date":"25\/03\/2025","format":false,"excerpt":"Psycholog i\u00a0pasjonat komunikacji mi\u0119dzykulturowej, life coach i mentor, a w kr\u00f3tce ju\u017c\u00a0psychoterapeuta poznawczo-behawioralny\ud83e\udec0\ud83d\ude0a\ud83e\udde0,\u00a0czynny zawodowo w jednej z najbardziej przyjaznych pacjentom brandenburskich klinik oraz wielki fan odkrywczych podr\u00f3\u017cy ma\u0142ych i du\u017cych, a przede wszystkim MAMA uroczego\u00a0ch\u0142opca \ud83e\udd31\ud83d\udc95 i \u017cywy dow\u00f3d na to, \u017ce w \u017cyciu mo\u017cna robi\u0107 to na co ma\u2026","rel":"","context":"\u00c4hnlicher Beitrag","block_context":{"text":"\u00c4hnlicher Beitrag","link":""},"img":{"alt_text":"","src":"https:\/\/i0.wp.com\/makethingshappentoday.com\/wp-content\/uploads\/2024\/06\/img_9224-1.jpg?resize=350%2C200","width":350,"height":200,"srcset":"https:\/\/i0.wp.com\/makethingshappentoday.com\/wp-content\/uploads\/2024\/06\/img_9224-1.jpg?resize=350%2C200 1x, https:\/\/i0.wp.com\/makethingshappentoday.com\/wp-content\/uploads\/2024\/06\/img_9224-1.jpg?resize=525%2C300 1.5x, https:\/\/i0.wp.com\/makethingshappentoday.com\/wp-content\/uploads\/2024\/06\/img_9224-1.jpg?resize=700%2C400 2x, https:\/\/i0.wp.com\/makethingshappentoday.com\/wp-content\/uploads\/2024\/06\/img_9224-1.jpg?resize=1050%2C600 3x"},"classes":[]}],"_links":{"self":[{"href":"https:\/\/makethingshappentoday.com\/de\/wp-json\/wp\/v2\/pages\/1673","targetHints":{"allow":["GET"]}}],"collection":[{"href":"https:\/\/makethingshappentoday.com\/de\/wp-json\/wp\/v2\/pages"}],"about":[{"href":"https:\/\/makethingshappentoday.com\/de\/wp-json\/wp\/v2\/types\/page"}],"author":[{"embeddable":true,"href":"https:\/\/makethingshappentoday.com\/de\/wp-json\/wp\/v2\/users\/112134480"}],"replies":[{"embeddable":true,"href":"https:\/\/makethingshappentoday.com\/de\/wp-json\/wp\/v2\/comments?post=1673"}],"version-history":[{"count":32,"href":"https:\/\/makethingshappentoday.com\/de\/wp-json\/wp\/v2\/pages\/1673\/revisions"}],"predecessor-version":[{"id":6276,"href":"https:\/\/makethingshappentoday.com\/de\/wp-json\/wp\/v2\/pages\/1673\/revisions\/6276"}],"wp:featuredmedia":[{"embeddable":true,"href":"https:\/\/makethingshappentoday.com\/de\/wp-json\/wp\/v2\/media\/1695"}],"wp:attachment":[{"href":"https:\/\/makethingshappentoday.com\/de\/wp-json\/wp\/v2\/media?parent=1673"}],"curies":[{"name":"wp","href":"https:\/\/api.w.org\/{rel}","templated":true}]}}